{"id":2868,"date":"2017-11-19T09:33:39","date_gmt":"2017-11-19T09:33:39","guid":{"rendered":"https:\/\/www.hotelenlacerdanya.com\/wi-fi-gratuito\/?lang=fr"},"modified":"2017-11-28T19:04:30","modified_gmt":"2017-11-28T19:04:30","slug":"wi-fi-gratuito","status":"publish","type":"page","link":"https:\/\/www.hotelenlacerdanya.com\/fr\/wi-fi-gratuito\/","title":{"rendered":"Free Wi-Fi"},"content":{"rendered":"<div class=\"wpb-content-wrapper\">[vc_row][vc_column][vc_column_text] Le service WIFI gratuit dans notre h\u00f4tel de Cerdanya vous permet de vous connecter \u00e0 Internet avec votre ordinateur portable dans votre chambre. Comme dans la zone commune, vous pouvez continuer \u00e0 profiter de votre connexion Internet. Pour vous connecter, vous avez besoin d&rsquo;un mot de passe qui sera fourni \u00e0 la r\u00e9ception, et vous n&rsquo;avez pas besoin de r\u00e9p\u00e9ter la session.<a href=\"https:\/\/www.hotelenlacerdanya.com\/wp-content\/uploads\/2017\/11\/ICT.jpg\"><img loading=\"lazy\" decoding=\"async\" class=\"wp-image-2811 size-medium alignnone\" src=\"https:\/\/www.hotelenlacerdanya.com\/wp-content\/uploads\/2017\/11\/ICT-300x200.jpg\" alt=\"ICT\" width=\"300\" height=\"200\" srcset=\"https:\/\/www.hotelenlacerdanya.com\/wp-content\/uploads\/2017\/11\/ICT-300x200.jpg 300w, https:\/\/www.hotelenlacerdanya.com\/wp-content\/uploads\/2017\/11\/ICT-1024x682.jpg 1024w, https:\/\/www.hotelenlacerdanya.com\/wp-content\/uploads\/2017\/11\/ICT-100x67.jpg 100w, https:\/\/www.hotelenlacerdanya.com\/wp-content\/uploads\/2017\/11\/ICT-330x220.jpg 330w, https:\/\/www.hotelenlacerdanya.com\/wp-content\/uploads\/2017\/11\/ICT-450x300.jpg 450w, https:\/\/www.hotelenlacerdanya.com\/wp-content\/uploads\/2017\/11\/ICT.jpg 2048w\" sizes=\"auto, (max-width: 300px) 100vw, 300px\" \/><\/a><\/p>\n<p>Notre restaurant et la caf\u00e9t\u00e9ria La Muga dispose \u00e9galement d&rsquo;un service de connexion Internet. Vous pouvez obtenir votre acc\u00e8s en demandant le mot de passe du personnel.[\/vc_column_text][\/vc_column][\/vc_row][vc_row][vc_column][vc_facebook][\/vc_column][\/vc_row]\n<\/div>","protected":false},"excerpt":{"rendered":"<p>[vc_row][vc_column][vc_column_text] Le service WIFI gratuit dans notre h\u00f4tel de Cerdanya vous permet de vous connecter \u00e0 Internet avec votre ordinateur portable dans votre chambre. Comme dans la zone commune, vous pouvez continuer \u00e0 profiter de votre connexion Internet. Pour vous connecter, vous avez besoin d&rsquo;un mot de passe qui sera fourni \u00e0 la r\u00e9ception, et<\/p>\n","protected":false},"author":1,"featured_media":0,"parent":0,"menu_order":0,"comment_status":"closed","ping_status":"closed","template":"page-templates\/template-full-width.php","meta":{"footnotes":""},"class_list":["post-2868","page","type-page","status-publish","hentry"],"_links":{"self":[{"href":"https:\/\/www.hotelenlacerdanya.com\/fr\/wp-json\/wp\/v2\/pages\/2868","targetHints":{"allow":["GET"]}}],"collection":[{"href":"https:\/\/www.hotelenlacerdanya.com\/fr\/wp-json\/wp\/v2\/pages"}],"about":[{"href":"https:\/\/www.hotelenlacerdanya.com\/fr\/wp-json\/wp\/v2\/types\/page"}],"author":[{"embeddable":true,"href":"https:\/\/www.hotelenlacerdanya.com\/fr\/wp-json\/wp\/v2\/users\/1"}],"replies":[{"embeddable":true,"href":"https:\/\/www.hotelenlacerdanya.com\/fr\/wp-json\/wp\/v2\/comments?post=2868"}],"version-history":[{"count":2,"href":"https:\/\/www.hotelenlacerdanya.com\/fr\/wp-json\/wp\/v2\/pages\/2868\/revisions"}],"predecessor-version":[{"id":2871,"href":"https:\/\/www.hotelenlacerdanya.com\/fr\/wp-json\/wp\/v2\/pages\/2868\/revisions\/2871"}],"wp:attachment":[{"href":"https:\/\/www.hotelenlacerdanya.com\/fr\/wp-json\/wp\/v2\/media?parent=2868"}],"curies":[{"name":"wp","href":"https:\/\/api.w.org\/{rel}","templated":true}]}}