{"id":2675,"date":"2017-11-13T17:33:46","date_gmt":"2017-11-13T17:33:46","guid":{"rendered":"https:\/\/www.hotelenlacerdanya.com\/estancia-con-mucho-gusto\/?lang=fr"},"modified":"2017-11-14T17:59:34","modified_gmt":"2017-11-14T17:59:34","slug":"estancia-con-mucho-gusto","status":"publish","type":"page","link":"https:\/\/www.hotelenlacerdanya.com\/fr\/estancia-con-mucho-gusto\/","title":{"rendered":"Restez avec plaisir"},"content":{"rendered":"<p style=\"text-align: center;\">* Un petit-d\u00e9jeuner pyr\u00e9n\u00e9en, pour deux personnes<\/p>\n<p style=\"text-align: center;\">* Un d\u00eener Menu Saison, l&rsquo;ambiance de la maison, pour deux personnes<\/p>\n<p style=\"text-align: center;\">* Une nuit en chambre double de type standard, occup\u00e9e par deux personnes<\/p>\n<p style=\"text-align: center;\"><strong>98\u20ac<\/strong><\/p>\n","protected":false},"excerpt":{"rendered":"<p>* Un petit-d\u00e9jeuner pyr\u00e9n\u00e9en, pour deux personnes * Un d\u00eener Menu Saison, l&rsquo;ambiance de la maison, pour deux personnes * Une nuit en chambre double de type standard, occup\u00e9e par deux personnes 98\u20ac<\/p>\n","protected":false},"author":1,"featured_media":0,"parent":0,"menu_order":0,"comment_status":"closed","ping_status":"closed","template":"page-templates\/template-full-width.php","meta":{"footnotes":""},"class_list":["post-2675","page","type-page","status-publish","hentry"],"_links":{"self":[{"href":"https:\/\/www.hotelenlacerdanya.com\/fr\/wp-json\/wp\/v2\/pages\/2675","targetHints":{"allow":["GET"]}}],"collection":[{"href":"https:\/\/www.hotelenlacerdanya.com\/fr\/wp-json\/wp\/v2\/pages"}],"about":[{"href":"https:\/\/www.hotelenlacerdanya.com\/fr\/wp-json\/wp\/v2\/types\/page"}],"author":[{"embeddable":true,"href":"https:\/\/www.hotelenlacerdanya.com\/fr\/wp-json\/wp\/v2\/users\/1"}],"replies":[{"embeddable":true,"href":"https:\/\/www.hotelenlacerdanya.com\/fr\/wp-json\/wp\/v2\/comments?post=2675"}],"version-history":[{"count":3,"href":"https:\/\/www.hotelenlacerdanya.com\/fr\/wp-json\/wp\/v2\/pages\/2675\/revisions"}],"predecessor-version":[{"id":2687,"href":"https:\/\/www.hotelenlacerdanya.com\/fr\/wp-json\/wp\/v2\/pages\/2675\/revisions\/2687"}],"wp:attachment":[{"href":"https:\/\/www.hotelenlacerdanya.com\/fr\/wp-json\/wp\/v2\/media?parent=2675"}],"curies":[{"name":"wp","href":"https:\/\/api.w.org\/{rel}","templated":true}]}}