{"id":2565,"date":"2017-04-04T10:28:00","date_gmt":"2017-04-04T10:28:00","guid":{"rendered":"https:\/\/www.hotelenlacerdanya.com\/ciclismo_cerdanya_bellver_fonda_matia\/?lang=fr"},"modified":"2017-11-09T18:44:36","modified_gmt":"2017-11-09T18:44:36","slug":"ciclismo_cerdanya_bellver_fonda_matia","status":"publish","type":"page","link":"https:\/\/www.hotelenlacerdanya.com\/fr\/ciclismo_cerdanya_bellver_fonda_matia\/","title":{"rendered":"Cyclisme"},"content":{"rendered":"<p style=\"text-align: justify;\"><span style=\"font-family: 'book antiqua', palatino, serif; font-size: 12pt;\">Profitez de la nature de la Cerdagne avec votre v\u00e9lo. Ici il y a tout et pour tous les go\u00fbts. Cela d\u00e9pend si vous voulez faire de longues distances sur les routes des Pyr\u00e9n\u00e9es ou si vous cherchez des routes pour atteindre des villes plus petites et inconnues qui ont leur propre esprit rural et familial. Si vous aimez monter, prendre des routes famili\u00e8res ou si vous en avez envie, laissez-vous surprendre par les routes secondaires.<\/span><\/p>\n<p><iframe loading=\"lazy\" src=\"https:\/\/www.wikiloc.com\/wikiloc\/view.do?id=17180930&amp;measures=on&amp;title=off&amp;near=on&amp;images=off&amp;maptype=S\" width=\"740\" height=\"550\" frameborder=\"0\"><\/iframe><\/p>\n","protected":false},"excerpt":{"rendered":"<p>Profitez de la nature de la Cerdagne avec votre v\u00e9lo. Ici il y a tout et pour tous les go\u00fbts. Cela d\u00e9pend si vous voulez faire de longues distances sur les routes des Pyr\u00e9n\u00e9es ou si vous cherchez des routes pour atteindre des villes plus petites et inconnues qui ont leur propre esprit rural et<\/p>\n","protected":false},"author":1,"featured_media":0,"parent":0,"menu_order":0,"comment_status":"closed","ping_status":"closed","template":"page-templates\/template-full-width.php","meta":{"footnotes":""},"class_list":["post-2565","page","type-page","status-publish","hentry"],"_links":{"self":[{"href":"https:\/\/www.hotelenlacerdanya.com\/fr\/wp-json\/wp\/v2\/pages\/2565","targetHints":{"allow":["GET"]}}],"collection":[{"href":"https:\/\/www.hotelenlacerdanya.com\/fr\/wp-json\/wp\/v2\/pages"}],"about":[{"href":"https:\/\/www.hotelenlacerdanya.com\/fr\/wp-json\/wp\/v2\/types\/page"}],"author":[{"embeddable":true,"href":"https:\/\/www.hotelenlacerdanya.com\/fr\/wp-json\/wp\/v2\/users\/1"}],"replies":[{"embeddable":true,"href":"https:\/\/www.hotelenlacerdanya.com\/fr\/wp-json\/wp\/v2\/comments?post=2565"}],"version-history":[{"count":2,"href":"https:\/\/www.hotelenlacerdanya.com\/fr\/wp-json\/wp\/v2\/pages\/2565\/revisions"}],"predecessor-version":[{"id":2570,"href":"https:\/\/www.hotelenlacerdanya.com\/fr\/wp-json\/wp\/v2\/pages\/2565\/revisions\/2570"}],"wp:attachment":[{"href":"https:\/\/www.hotelenlacerdanya.com\/fr\/wp-json\/wp\/v2\/media?parent=2565"}],"curies":[{"name":"wp","href":"https:\/\/api.w.org\/{rel}","templated":true}]}}