{"id":1392,"date":"2014-02-27T08:52:40","date_gmt":"2014-02-27T08:52:40","guid":{"rendered":"https:\/\/www.hotelenlacerdanya.com\/restaurante-lamuga-2\/"},"modified":"2019-11-11T16:16:56","modified_gmt":"2019-11-11T16:16:56","slug":"restaurante-lamuga","status":"publish","type":"page","link":"https:\/\/www.hotelenlacerdanya.com\/fr\/restaurante-lamuga\/","title":{"rendered":"Restaurante La Muga"},"content":{"rendered":"<div class=\"wpb-content-wrapper\">[vc_row][vc_column width=\u00a0\u00bb1\/2&Prime;][vc_column_text css_animation=\u00a0\u00bbleft-to-right\u00a0\u00bb]\n<h3 class=\"restaurante\">Le restaurant<\/h3>\n<p style=\"text-align: justify;\">La cuisine La Muga est une cuisine traditionnelle, simple, mais en prenant toujours les ingr\u00e9dients de soins et laisser mijoter, l&rsquo;utilisation combin\u00e9e d&rsquo;huile d&rsquo;olive et la fra\u00eecheur des l\u00e9gumes et des viandes de notre pays.<\/p>\n<p class=\"aligncenter\" style=\"text-align: center;\"><span style=\"font-size: 6px;\"><img loading=\"lazy\" decoding=\"async\" class=\"wp-image-1636 aligncenter\" src=\"https:\/\/www.hotelenlacerdanya.com\/wp-content\/uploads\/2017\/02\/restaurantefondamatia.jpg\" alt=\"rest_web\" width=\"484\" height=\"272\" \/><\/span><\/p>\n<p>Dans notre restaurant, vous trouverez un menu vari\u00e9 avec des plats de notre r\u00e9gion, y compris la c\u00e9l\u00e8bre Trinxat de Cerdanya, canard aux navets poires Talltendre, Puigcerd\u00e0 au vin.<\/p>\n<p>Nous ne pouvons pas oublier les steaks cuits charbon grill\u00e9,\u00a0salades rafra\u00eechissantes, le canard: soit confit ou foie gras, sanglier civette juteux, perdrix dans escab\u00e8che, nos trotteurs d\u00e9sormais c\u00e9l\u00e8bres avec des navets.<\/p>\n<p style=\"text-align: center;\"><a href=\"https:\/\/www.hotelenlacerdanya.com\/wp-content\/uploads\/2017\/02\/Comida-la-Muga-2.jpg\"><img loading=\"lazy\" decoding=\"async\" class=\" wp-image-1646 aligncenter\" src=\"https:\/\/www.hotelenlacerdanya.com\/wp-content\/uploads\/2017\/02\/Comida-la-Muga-2.jpg\" alt=\"lamugarestaurante\" width=\"482\" height=\"272\" \/><\/a><\/p>\n<p>Nos desserts maison: cr\u00e8me br\u00fbl\u00e9e typique, fromage cottage avec du miel, musicien desserts, yaourts maison au miel et sauce aux fruits rouges, tarte aux pommes tatin &#8230;<\/p>\n<p>Vous avez aussi la possibilit\u00e9 de choisir notre menu traditionnel compos\u00e9 du premier et du second plat, des desserts, du pain et des boissons.<\/p>\n<p>Nous vous offrons \u00e9galement un menu vari\u00e9 de plats, des plats chauds, viandes froides et les salades Cerdanya.<\/p>\n<p>Nous vous invitons \u00e0 visiter notre restaurant et choisissez l&rsquo;option qui convient le mieux \u00e0 vos besoins.<\/p>\n<p>Dans le caf\u00e9 vous pouvez \u00e9galement d\u00e9guster des collations, des coupures chaudes et froides, bois froids et des plats chauds. En plus d&rsquo;un large assortiment de p\u00e2tisseries et de g\u00e2teaux.<\/p>\n<p style=\"text-align: left;\"><a href=\"https:\/\/www.hotelenlacerdanya.com\/wp-content\/uploads\/2017\/03\/La-muga-comida-6.jpg\"><img loading=\"lazy\" decoding=\"async\" class=\" wp-image-1652 aligncenter\" src=\"https:\/\/www.hotelenlacerdanya.com\/wp-content\/uploads\/2017\/02\/Comida-La-Muga1.jpg\" alt=\"\" width=\"482\" height=\"272\" \/><\/a><\/p>\n[\/vc_column_text][vc_gallery type=\u00a0\u00bbflexslider_slide\u00a0\u00bb interval=\u00a0\u00bb3&Prime; images=\u00a0\u00bb1839,2419,1949,1956,1954,1848&Prime; img_size=\u00a0\u00bb460&#215;345&Prime; onclick=\u00a0\u00bb\u00a0\u00bb][\/vc_column][vc_column width=\u00a0\u00bb1\/2&Prime;][vc_column_text css_animation=\u00a0\u00bbright-to-left\u00a0\u00bb]\n<h3 class=\"restaurante\">Le caf\u00e9<\/h3>\n<p style=\"text-align: center;\"><a href=\"https:\/\/www.hotelenlacerdanya.com\/wp-content\/uploads\/2017\/01\/CafeteriaFondaMatia.jpg\"><img loading=\"lazy\" decoding=\"async\" class=\"wp-image-1758 aligncenter\" src=\"https:\/\/www.hotelenlacerdanya.com\/wp-content\/uploads\/2017\/01\/CafeteriaFondaMatia.jpg\" alt=\"CafeteriaFondaMatia\" width=\"484\" height=\"272\" srcset=\"https:\/\/www.hotelenlacerdanya.com\/wp-content\/uploads\/2017\/01\/CafeteriaFondaMatia.jpg 800w, https:\/\/www.hotelenlacerdanya.com\/wp-content\/uploads\/2017\/01\/CafeteriaFondaMatia-300x168.jpg 300w, https:\/\/www.hotelenlacerdanya.com\/wp-content\/uploads\/2017\/01\/CafeteriaFondaMatia-100x56.jpg 100w\" sizes=\"auto, (max-width: 484px) 100vw, 484px\" \/><\/a><\/p>\n<p style=\"text-align: justify;\">La Muga est \u00e9galement une caf\u00e9 et un bar, o\u00f9 vous trouverez une large gamme de boissons, des collations, des jus, des th\u00e9s et des caf\u00e9s.<\/p>\n<p style=\"text-align: justify;\"><img loading=\"lazy\" decoding=\"async\" class=\" wp-image-1758 aligncenter\" src=\"https:\/\/www.hotelenlacerdanya.com\/wp-content\/uploads\/2017\/02\/Cafeteria-3.jpg\" alt=\"cafeteria-fondamatia-02\" width=\"484\" height=\"272\" \/><br \/>\nLe caf\u00e9-bar est un lieu tr\u00e8s ensoleill\u00e9, il est un endroit id\u00e9al pour prendre le petit d\u00e9jeuner ou prendre toute sorte de repas l\u00e9ger, comme nous avons un menu vari\u00e9 de sandwichs chauds et froids, fourchette de petit-d\u00e9jeuner, des incrustations en bois et des plats de Cerdagne.<\/p>\n[\/vc_column_text][vc_gallery interval=\u00a0\u00bb5&Prime; images=\u00a0\u00bb1859,1760,1860,1861&Prime; img_size=\u00a0\u00bb460&#215;259&Prime;][vc_column_text css_animation=\u00a0\u00bbright-to-left\u00a0\u00bb]\n<h3 class=\"restaurante\">La terrasse<\/h3>\n<p style=\"text-align: center;\"><img loading=\"lazy\" decoding=\"async\" class=\" wp-image-674 aligncenter\" src=\"https:\/\/www.hotelenlacerdanya.com\/wp-content\/uploads\/2014\/02\/terraza-restaurante-fondamatia-20.jpg\" alt=\"terraza-restaurante-fondamatia-20\" width=\"460\" height=\"259\" \/><\/p>\n<p style=\"text-align: justify;\">Terrasse, tr\u00e8s ensoleill\u00e9 tout au long de l&rsquo;ann\u00e9e, devient l&rsquo;endroit id\u00e9al pour d\u00e9guster un ap\u00e9ritif avant un bon repas ou m\u00eame un endroit pour profiter d&rsquo;une cigarette apr\u00e8s avoir mang\u00e9 en contemplant la vue spectaculaire sur la vall\u00e9e de la Cerdagne.<\/p>\n[\/vc_column_text][vc_gallery type=\u00a0\u00bbflexslider_slide\u00a0\u00bb interval=\u00a0\u00bb5&Prime; images=\u00a0\u00bb656,657,659,660,663,664,682,680,678,677,674,673,668,666&Prime; img_size=\u00a0\u00bb460&#215;345&Prime;][\/vc_column][\/vc_row]\n<\/div>","protected":false},"excerpt":{"rendered":"<p>[vc_row][vc_column width=\u00a0\u00bb1\/2&Prime;][vc_column_text css_animation=\u00a0\u00bbleft-to-right\u00a0\u00bb] Le restaurant La cuisine La Muga est une cuisine traditionnelle, simple, mais en prenant toujours les ingr\u00e9dients de soins et laisser mijoter, l&rsquo;utilisation combin\u00e9e d&rsquo;huile d&rsquo;olive et la fra\u00eecheur des l\u00e9gumes et des viandes de notre pays. Dans notre restaurant, vous trouverez un menu vari\u00e9 avec des plats de notre r\u00e9gion, y<\/p>\n","protected":false},"author":1,"featured_media":0,"parent":0,"menu_order":0,"comment_status":"closed","ping_status":"closed","template":"page-templates\/template-full-width.php","meta":{"footnotes":""},"class_list":["post-1392","page","type-page","status-publish","hentry"],"_links":{"self":[{"href":"https:\/\/www.hotelenlacerdanya.com\/fr\/wp-json\/wp\/v2\/pages\/1392","targetHints":{"allow":["GET"]}}],"collection":[{"href":"https:\/\/www.hotelenlacerdanya.com\/fr\/wp-json\/wp\/v2\/pages"}],"about":[{"href":"https:\/\/www.hotelenlacerdanya.com\/fr\/wp-json\/wp\/v2\/types\/page"}],"author":[{"embeddable":true,"href":"https:\/\/www.hotelenlacerdanya.com\/fr\/wp-json\/wp\/v2\/users\/1"}],"replies":[{"embeddable":true,"href":"https:\/\/www.hotelenlacerdanya.com\/fr\/wp-json\/wp\/v2\/comments?post=1392"}],"version-history":[{"count":52,"href":"https:\/\/www.hotelenlacerdanya.com\/fr\/wp-json\/wp\/v2\/pages\/1392\/revisions"}],"predecessor-version":[{"id":5477,"href":"https:\/\/www.hotelenlacerdanya.com\/fr\/wp-json\/wp\/v2\/pages\/1392\/revisions\/5477"}],"wp:attachment":[{"href":"https:\/\/www.hotelenlacerdanya.com\/fr\/wp-json\/wp\/v2\/media?parent=1392"}],"curies":[{"name":"wp","href":"https:\/\/api.w.org\/{rel}","templated":true}]}}