{"id":1382,"date":"2014-05-21T07:28:39","date_gmt":"2014-05-21T07:28:39","guid":{"rendered":"https:\/\/www.hotelenlacerdanya.com\/la-cerdanya-2\/"},"modified":"2019-11-11T16:15:05","modified_gmt":"2019-11-11T16:15:05","slug":"lacerdagne","status":"publish","type":"page","link":"https:\/\/www.hotelenlacerdanya.com\/fr\/lacerdagne\/","title":{"rendered":"LaCerdagne"},"content":{"rendered":"<div class=\"wpb-content-wrapper\">[vc_row][vc_column width=\u00a0\u00bb1\/3&Prime;][vc_single_image image=\u00a0\u00bb767&Prime; img_size=\u00a0\u00bb320&#215;240&Prime; el_class=\u00a0\u00bbih-item square\u00a0\u00bb][\/vc_column][vc_column width=\u00a0\u00bb1\/3&Prime;][vc_single_image image=\u00a0\u00bb773&Prime; img_size=\u00a0\u00bb320&#215;240&Prime; el_class=\u00a0\u00bbih-item square\u00a0\u00bb][\/vc_column][vc_column width=\u00a0\u00bb1\/3&Prime;][vc_single_image image=\u00a0\u00bb781&Prime; img_size=\u00a0\u00bb320&#215;240&Prime; el_class=\u00a0\u00bbih-item square\u00a0\u00bb][\/vc_column][\/vc_row][vc_row][vc_column][vc_text_separator title=\u00a0\u00bbLa comarca de la Cerdanya\u00a0\u00bb][\/vc_column][\/vc_row][vc_row][vc_column width=\u00a0\u00bb1\/2&Prime;][vc_column_text css_animation=\u00a0\u00bbleft-to-right\u00a0\u00bb]\n<p style=\"text-align: justify;\">Fronti\u00e8re naturelle entre la France et l&rsquo;Espagne, les Pyr\u00e9n\u00e9es sont un v\u00e9ritable cadeau de la nature. Et la r\u00e9gion catalane de La Cerdanya est un point de d\u00e9part privil\u00e9gi\u00e9 pour explorer les vall\u00e9es et les montagnes qui composent ce spectacle g\u00e9ographique.<\/p>\n<p style=\"text-align: center;\"><img loading=\"lazy\" decoding=\"async\" class=\"wp-image-767 aligncenter ih-item square\" src=\"https:\/\/www.hotelenlacerdanya.com\/wp-content\/uploads\/2014\/05\/paisajes-fondamatia-01.jpg\" alt=\"paisajes-fondamatia-01\" width=\"468\" height=\"351\" \/><\/p>\n<p>Int\u00e9gr\u00e9 presque enti\u00e8rement dans la vall\u00e9e de Segre, La Cerdanya offre de nombreuses alternatives aux visiteurs. En outre, le charme des h\u00f4tels en Cerdagne rendra nos vacances uniques et inoubliables.<\/p>\n<p>La Cerdanya a de bonnes connexions de Barcelone, G\u00e9rone, Lleida et d&rsquo;autres petites villes par la route.<\/p>\n<p>Les sports d&rsquo;aventure sont l&rsquo;une des principales attractions de La Cerdanya. Ici vous pouvez pratiquer l&rsquo;arpentage, le canyoning, le tir \u00e0 l&rsquo;arc, le deltaplane, le rafting, le ski de fond, le ski alpin, l&rsquo;escalade &#8230;<\/p>\n<p>M\u00eame ainsi, ce n&rsquo;est pas tout, car il y a aussi une offre large destin\u00e9e \u00e0 ceux qui sont plus attir\u00e9s par les sports traditionnels et ne recherchent pas d&rsquo;\u00e9motions fortes. Nous parlons de la randonn\u00e9e, de l&rsquo;\u00e9quitation, du VTT, de la chasse, de la p\u00eache, de la pinte et m\u00eame des ballons. Avec la pratique de l&rsquo;une de ces activit\u00e9s sportives, nous pouvons nous d\u00e9couvrir, explorer de nouvelles sensations et se sentir en forme.<\/p>\n<p>aller \u00e0 nosaltres mateixos, explorer de nouvelles sensations et se sentir en forme.[\/vc_column_text][\/vc_column][vc_column width=\u00a0\u00bb1\/2&Prime;][vc_column_text css_animation=\u00a0\u00bbright-to-left\u00a0\u00bb]Dans cette ligne, vous pouvez \u00e9galement faire des voyages \u00e0 diff\u00e9rents endroits pr\u00e8s des h\u00f4tels en Cerdagne. Parmi les plus c\u00e9l\u00e8bres sont les lacs de la Bullosa, Gorges del Caran\u00e7a, les sources du Segre et le lac de La Naguille et Diente d&rsquo;Orl\u00fa.<\/p>\n<p>La gastronomie est une autre de ses forces. Bien que la plupart des h\u00f4tels de la Cerdagne aient un service de restauration, il est conseill\u00e9 d&rsquo;explorer les singularit\u00e9s gastronomiques de cette r\u00e9gion, se perdre dans les saveurs traditionnelles et authentiques que les plus anciens restaurants de la r\u00e9gion ont r\u00e9ussi \u00e0 pr\u00e9server malgr\u00e9 le temps. Les points culminants incluent la vari\u00e9t\u00e9 des pains (qui peuvent \u00eatre accompagn\u00e9s d&rsquo;une sauce exquise d&rsquo;ali oli), des fromages (ch\u00e8vre et mouton) et des produits de porc tels que la saucisse ou la saucisse. Tous ces plats typiques surprendront sans aucun doute les palais les plus exquis.<\/p>\n<p style=\"text-align: center;\"><img loading=\"lazy\" decoding=\"async\" class=\"wp-image-701 ih-item square aligncenter\" style=\"margin-bottom: 50px ! important;\" src=\"https:\/\/www.hotelenlacerdanya.com\/wp-content\/uploads\/2014\/05\/carta-restaurante-fondamatia-18.jpg\" alt=\"carta-restaurante-fondamatia-18\" width=\"452\" height=\"335\" \/><\/p>\n<p style=\"text-align: justify;\">Pour commencer \u00e0 profiter de vacances magnifiques dans un endroit privil\u00e9gi\u00e9, regardez parmi les h\u00f4tels de la Cerdagne qui s&rsquo;adapte le mieux \u00e0 vos pr\u00e9f\u00e9rences. L&rsquo;environnement rural dans lequel ils se trouvent rend l&rsquo;accord avec les clients toujours proche et convivial afin que vous vous sentiez \u00e0 l&rsquo;aise en tout temps. La qualit\u00e9 des h\u00f4tels en Cerdagne et l&rsquo;offre sportive et gastronomique vari\u00e9e rendront vos vacances dans ce lieu inoubliables.<\/p>\n[\/vc_column_text][\/vc_column][\/vc_row]\n<\/div>","protected":false},"excerpt":{"rendered":"<p>[vc_row][vc_column width=\u00a0\u00bb1\/3&Prime;][vc_single_image image=\u00a0\u00bb767&Prime; img_size=\u00a0\u00bb320&#215;240&Prime; el_class=\u00a0\u00bbih-item square\u00a0\u00bb][\/vc_column][vc_column width=\u00a0\u00bb1\/3&Prime;][vc_single_image image=\u00a0\u00bb773&Prime; img_size=\u00a0\u00bb320&#215;240&Prime; el_class=\u00a0\u00bbih-item square\u00a0\u00bb][\/vc_column][vc_column width=\u00a0\u00bb1\/3&Prime;][vc_single_image image=\u00a0\u00bb781&Prime; img_size=\u00a0\u00bb320&#215;240&Prime; el_class=\u00a0\u00bbih-item square\u00a0\u00bb][\/vc_column][\/vc_row][vc_row][vc_column][vc_text_separator title=\u00a0\u00bbLa comarca de la Cerdanya\u00a0\u00bb][\/vc_column][\/vc_row][vc_row][vc_column width=\u00a0\u00bb1\/2&Prime;][vc_column_text css_animation=\u00a0\u00bbleft-to-right\u00a0\u00bb] Fronti\u00e8re naturelle entre la France et l&rsquo;Espagne, les Pyr\u00e9n\u00e9es sont un v\u00e9ritable cadeau de la nature. Et la r\u00e9gion catalane de La Cerdanya est un point de d\u00e9part privil\u00e9gi\u00e9 pour explorer les<\/p>\n","protected":false},"author":1,"featured_media":0,"parent":0,"menu_order":0,"comment_status":"closed","ping_status":"closed","template":"page-templates\/template-full-width.php","meta":{"footnotes":""},"class_list":["post-1382","page","type-page","status-publish","hentry"],"_links":{"self":[{"href":"https:\/\/www.hotelenlacerdanya.com\/fr\/wp-json\/wp\/v2\/pages\/1382","targetHints":{"allow":["GET"]}}],"collection":[{"href":"https:\/\/www.hotelenlacerdanya.com\/fr\/wp-json\/wp\/v2\/pages"}],"about":[{"href":"https:\/\/www.hotelenlacerdanya.com\/fr\/wp-json\/wp\/v2\/types\/page"}],"author":[{"embeddable":true,"href":"https:\/\/www.hotelenlacerdanya.com\/fr\/wp-json\/wp\/v2\/users\/1"}],"replies":[{"embeddable":true,"href":"https:\/\/www.hotelenlacerdanya.com\/fr\/wp-json\/wp\/v2\/comments?post=1382"}],"version-history":[{"count":7,"href":"https:\/\/www.hotelenlacerdanya.com\/fr\/wp-json\/wp\/v2\/pages\/1382\/revisions"}],"predecessor-version":[{"id":5486,"href":"https:\/\/www.hotelenlacerdanya.com\/fr\/wp-json\/wp\/v2\/pages\/1382\/revisions\/5486"}],"wp:attachment":[{"href":"https:\/\/www.hotelenlacerdanya.com\/fr\/wp-json\/wp\/v2\/media?parent=1382"}],"curies":[{"name":"wp","href":"https:\/\/api.w.org\/{rel}","templated":true}]}}