{"id":840,"date":"2014-05-21T07:28:39","date_gmt":"2014-05-21T07:28:39","guid":{"rendered":"https:\/\/www.hotelenlacerdanya.com\/?page_id=840"},"modified":"2017-11-28T20:02:01","modified_gmt":"2017-11-28T20:02:01","slug":"la-cerdanya","status":"publish","type":"page","link":"https:\/\/www.hotelenlacerdanya.com\/es\/la-cerdanya\/","title":{"rendered":"La Cerdanya"},"content":{"rendered":"<div class=\"wpb-content-wrapper\">[vc_row][vc_column width=\u00bb1\/3&#8243;][vc_single_image image=\u00bb767&#8243; img_size=\u00bb320&#215;240&#8243; el_class=\u00bbih-item square\u00bb][\/vc_column][vc_column width=\u00bb1\/3&#8243;][vc_single_image image=\u00bb773&#8243; img_size=\u00bb320&#215;240&#8243; el_class=\u00bbih-item square\u00bb][\/vc_column][vc_column width=\u00bb1\/3&#8243;][vc_single_image image=\u00bb781&#8243; img_size=\u00bb320&#215;240&#8243; el_class=\u00bbih-item square\u00bb][\/vc_column][\/vc_row][vc_row][vc_column][vc_text_separator title=\u00bbLa comarca de la Cerdanya\u00bb][\/vc_column][\/vc_row][vc_row][vc_column width=\u00bb1\/2&#8243;][vc_column_text css_animation=\u00bbleft-to-right\u00bb]\n<p style=\"text-align: justify;\">Frontera natural entre Francia y Espa\u00f1a, los Pirineos son un aut\u00e9ntico regalo de la naturaleza. Y la comarca catalana de\u00a0<strong>La Cerdanya<\/strong>\u00a0es un punto de partida privilegiado desde el que poder explorar los valles y monta\u00f1as que conforman este espect\u00e1culo geogr\u00e1fico.<\/p>\n<p style=\"text-align: center;\"><img loading=\"lazy\" decoding=\"async\" class=\"wp-image-767 aligncenter ih-item square\" src=\"https:\/\/www.hotelenlacerdanya.com\/wp-content\/uploads\/2014\/05\/paisajes-fondamatia-01.jpg\" alt=\"paisajes-fondamatia-01\" width=\"468\" height=\"351\" \/><\/p>\n<p>Integrada casi en su totalidad en el Valle del Segre, La Cerdanya ofrece m\u00faltiples alternativas a los visitantes. Adem\u00e1s, el encanto de los\u00a0<b>hoteles en la Cerdanya<\/b>\u00a0har\u00e1n que nuestras vacaciones sean \u00fanicas e inolvidables.<\/p>\n<p>La Cerdanya cuenta con buenas conexiones desde Barcelona, Girona, Lleida y otras localidades m\u00e1s peque\u00f1as a trav\u00e9s de carretera.<\/p>\n<p>Los deportes de aventura son uno de los principales reclamos de La Cerdanya. Aqu\u00ed se puede practicar treeking, barranquismo, tiro al arco, ala delta, rafting, esqu\u00ed de fondo, esqu\u00ed alpino, escalada\u2026<\/p>\n<p>A\u00fan as\u00ed, esto no es todo, ya que tambi\u00e9n hay una amplia oferta dirigida a aquellos que se sienten m\u00e1s atra\u00eddos por el deporte tradicional y no buscan emociones fuertes. Hablamos de senderismo, h\u00edpica, excursiones en bicicleta de monta\u00f1a, caza, pesca, pint ball y hasta viajes en globo. Con la pr\u00e1ctica de cualquier de estas actividades deportivas podremos descubrirnos a nosotros mismos, explorar nuevas sensaciones y sentirnos en forma.<\/p>\n<p><span style=\"text-align: justify;\">ir-nos a nosaltres mateixos, explorar noves sensacions i sentir-nos en forma.<\/span>[\/vc_column_text][\/vc_column][vc_column width=\u00bb1\/2&#8243;][vc_column_text css_animation=\u00bbright-to-left\u00bb]En esta l\u00ednea tambi\u00e9n se pueden realizar excursiones a diferentes localizaciones cercanas a los hoteles en la Cerdanya. Entre las m\u00e1s famosas est\u00e1n los Lagos de la Bullosa, Gorges del Caran\u00e7\u00e1, las fuentes del Segre y el Lago de La Naguille y Diente de Orl\u00fa.<\/p>\n<p>La gastronom\u00eda es otro de sus puntos fuertes. Aunque la mayor\u00eda de los hoteles en la Cerdanya cuentan con servicio de comidas, es recomendable explorar las singularidades gastron\u00f3micas de esta regi\u00f3n, perdi\u00e9ndose en los sabores tradicionales y aut\u00e9nticos que los restaurantes m\u00e1s antiguos de la zona han sabido preservar pese al paso de los a\u00f1os. Destacan la variedad de panes (que se pueden acompa\u00f1ar de una exquisita salsa ali oli), quesos (de cabra y oveja) y productos derivados del cerdo como la longaniza o la butifarra. Todos estos platos t\u00edpicos sorprender\u00e1n sin duda alguna a los paladares m\u00e1s exquisitos.<\/p>\n<p style=\"text-align: center;\"><img loading=\"lazy\" decoding=\"async\" class=\"wp-image-701 ih-item square aligncenter\" style=\"margin-bottom: 50px ! important;\" src=\"https:\/\/www.hotelenlacerdanya.com\/wp-content\/uploads\/2014\/05\/carta-restaurante-fondamatia-18.jpg\" alt=\"carta-restaurante-fondamatia-18\" width=\"452\" height=\"335\" \/><\/p>\n<p style=\"text-align: justify;\">Para comenzar a disfrutar de unas magn\u00edficas vacaciones en un lugar privilegiado, busque entre los\u00a0<b>hoteles en la Cerdanya<\/b>\u00a0el que mejor se adapte a sus preferencias. El entorno rural en el que est\u00e1n situados hace que el trato con los clientes sea siempre cercano y amigable por lo que se sentir\u00e1 c\u00f3modo en todo momento. La calidad de los hoteles en la Cerdanya y la variada oferta deportiva y gastron\u00f3mica har\u00e1n que sus vacaciones en este lugar sean inolvidables.<\/p>\n[\/vc_column_text][\/vc_column][\/vc_row]\n<\/div>","protected":false},"excerpt":{"rendered":"<p>[vc_row][vc_column width=\u00bb1\/3&#8243;][vc_single_image image=\u00bb767&#8243; img_size=\u00bb320&#215;240&#8243; el_class=\u00bbih-item square\u00bb][\/vc_column][vc_column width=\u00bb1\/3&#8243;][vc_single_image image=\u00bb773&#8243; img_size=\u00bb320&#215;240&#8243; el_class=\u00bbih-item square\u00bb][\/vc_column][vc_column width=\u00bb1\/3&#8243;][vc_single_image image=\u00bb781&#8243; img_size=\u00bb320&#215;240&#8243; el_class=\u00bbih-item square\u00bb][\/vc_column][\/vc_row][vc_row][vc_column][vc_text_separator title=\u00bbLa comarca de la Cerdanya\u00bb][\/vc_column][\/vc_row][vc_row][vc_column width=\u00bb1\/2&#8243;][vc_column_text css_animation=\u00bbleft-to-right\u00bb] Frontera natural entre Francia y Espa\u00f1a, los Pirineos son un aut\u00e9ntico regalo de la naturaleza. Y la comarca catalana de\u00a0La Cerdanya\u00a0es un punto de partida privilegiado desde el que poder explorar los<\/p>\n","protected":false},"author":1,"featured_media":0,"parent":0,"menu_order":0,"comment_status":"closed","ping_status":"closed","template":"page-templates\/template-full-width.php","meta":{"footnotes":""},"class_list":["post-840","page","type-page","status-publish","hentry"],"_links":{"self":[{"href":"https:\/\/www.hotelenlacerdanya.com\/es\/wp-json\/wp\/v2\/pages\/840","targetHints":{"allow":["GET"]}}],"collection":[{"href":"https:\/\/www.hotelenlacerdanya.com\/es\/wp-json\/wp\/v2\/pages"}],"about":[{"href":"https:\/\/www.hotelenlacerdanya.com\/es\/wp-json\/wp\/v2\/types\/page"}],"author":[{"embeddable":true,"href":"https:\/\/www.hotelenlacerdanya.com\/es\/wp-json\/wp\/v2\/users\/1"}],"replies":[{"embeddable":true,"href":"https:\/\/www.hotelenlacerdanya.com\/es\/wp-json\/wp\/v2\/comments?post=840"}],"version-history":[{"count":48,"href":"https:\/\/www.hotelenlacerdanya.com\/es\/wp-json\/wp\/v2\/pages\/840\/revisions"}],"predecessor-version":[{"id":2883,"href":"https:\/\/www.hotelenlacerdanya.com\/es\/wp-json\/wp\/v2\/pages\/840\/revisions\/2883"}],"wp:attachment":[{"href":"https:\/\/www.hotelenlacerdanya.com\/es\/wp-json\/wp\/v2\/media?parent=840"}],"curies":[{"name":"wp","href":"https:\/\/api.w.org\/{rel}","templated":true}]}}