{"id":58,"date":"2014-02-27T08:51:56","date_gmt":"2014-02-27T08:51:56","guid":{"rendered":"https:\/\/www.hotelenlacerdanya.com\/?page_id=58"},"modified":"2017-10-15T19:47:53","modified_gmt":"2017-10-15T19:47:53","slug":"instalaciones_hotel_cerdanya_en_bellver","status":"publish","type":"page","link":"https:\/\/www.hotelenlacerdanya.com\/es\/instalaciones_hotel_cerdanya_en_bellver\/","title":{"rendered":"Instalaciones"},"content":{"rendered":"<div class=\"wpb-content-wrapper\">[vc_row][vc_column][vc_column_text css_animation=\u00bbright-to-left\u00bb]\n<h3 class=\"instalaciones\" style=\"text-align: center;\">Vivir experiencia extraordinaria realizada\u00a0por instalaciones del hotel<\/h3>\n[\/vc_column_text][vc_column_text css_animation=\u00bbright-to-left\u00bb]\n<h3 class=\"instalaciones\" style=\"text-align: left;\">Piscina<\/h3>\n[\/vc_column_text][\/vc_column][\/vc_row][vc_row][vc_column width=\u00bb1\/2&#8243;][vc_column_text css_animation=\u00bbleft-to-right\u00bb]\n<p class=\"instalaciones\" style=\"text-align: justify;\">La Fonda Matia dispone de una espl\u00e9ndida piscina para adultos y otra paro los m\u00e1s peque\u00f1os, a disposici\u00f3n de sus hu\u00e9spedes.<\/p>\n<p dir=\"ltr\" style=\"text-align: justify;\">La piscina permanecer\u00e1 abierta todos los d\u00edas de la temporada de verano. Est\u00e1 situada entre en medio del complejo, entre La Fonda y el Restaurante, a la falda de la Solana con una orientaci\u00f3n diurna fant\u00e1stica que se beneficia de una radiaci\u00f3n solar constante.<\/p>\n<p style=\"text-align: justify;\">Cerca de la zona de ba\u00f1o hay tambi\u00e9n un\u00a0jard\u00edn con mueble exterior.<\/p>\n[\/vc_column_text][\/vc_column][vc_column width=\u00bb1\/2&#8243;][vc_gallery type=\u00bbflexslider_slide\u00bb interval=\u00bb5&#8243; images=\u00bb359,366,365,360,362,363&#8243; img_size=\u00bb460&#215;345&#8243;][\/vc_column][\/vc_row][vc_row][vc_column][vc_column_text css_animation=\u00bbleft-to-right\u00bb]\n<h3 class=\"instalaciones\" style=\"text-align: right;\">Jardines<\/h3>\n[\/vc_column_text][\/vc_column][\/vc_row][vc_row][vc_column width=\u00bb1\/2&#8243;][vc_gallery type=\u00bbflexslider_slide\u00bb interval=\u00bb5&#8243; images=\u00bb2485,2491,2490,2489&#8243; img_size=\u00bb460X345&#8243;][\/vc_column][vc_column width=\u00bb1\/2&#8243;][vc_column_text css_animation=\u00bbright-to-left\u00bb]\n<h4 class=\"instalaciones\">Jard\u00ednes<\/h4>\n<p>El paseo por nuestro hermoso tunel verde, proporciona el placer visual y emociones calmados. Como nuestro\u00a0jard\u00edn situado al lado del Restaurante La Muga, es una original estructura de jard\u00edn que combina las plantas como un damero. Tambi\u00e9n da cobijo a los coches que buscan la sombra en los meses de verano.[\/vc_column_text][\/vc_column][\/vc_row][vc_row][vc_column][vc_column_text css_animation=\u00bbright-to-left\u00bb]\n<h3 class=\"instalaciones\" style=\"text-align: left;\">Parking<\/h3>\n[\/vc_column_text][\/vc_column][\/vc_row][vc_row][vc_column width=\u00bb1\/2&#8243;][vc_column_text css_animation=\u00bbleft-to-right\u00bb]La Fonda Matia y el Restaurante La Muga cuentan con un gran espacio de terreno para el aparcamiento de los coches de sus clientes el cual es completamente gratis.[\/vc_column_text][\/vc_column][vc_column width=\u00bb1\/2&#8243;][vc_gallery type=\u00bbnivo\u00bb interval=\u00bb5&#8243; images=\u00bb2492,2493&#8243; img_size=\u00bb460&#215;345&#8243;][\/vc_column][\/vc_row][vc_row][vc_column][vc_column_text css_animation=\u00bbleft-to-right\u00bb]\n<h3 class=\"instalaciones\" style=\"text-align: right;\">Terraza<\/h3>\n[\/vc_column_text][\/vc_column][\/vc_row][vc_row][vc_column width=\u00bb1\/2&#8243;][vc_gallery type=\u00bbflexslider_slide\u00bb interval=\u00bb5&#8243; images=\u00bb2512,2508,2513&#8243; img_size=\u00bb600&#215;300&#8243;][\/vc_column][vc_column width=\u00bb1\/2&#8243;][vc_column_text css_animation=\u00bbright-to-left\u00bb]\n<p class=\"instalaciones\">El complejo dispone de dos terrazas: la terraza de la Fonda y la del Restaurante<\/p>\n<p dir=\"ltr\" style=\"text-align: justify;\">En la terraza de la Fonda tendr\u00e1n unas espectaculares vistas desde el pueblo de Bellver de Cerdanya hasta la Sierra del Cad\u00ed, pasando por el Parque Natural de Cad\u00ed Moixer\u00f2.<\/p>\n<p style=\"text-align: justify;\">Esta terraza es el lugar ideal para relajarse, ya sea leyendo un buen libro o simplemente disfrutando del sencillo placer de contemplar el espl\u00e9ndido valle de la Cerdanya que les rodea.<\/p>\n<p style=\"text-align: justify;\">La terraza del Restaurante, muy \u00a0soleada durante todo el a\u00f1o, se convierte en el sitio id\u00f3neo para tomar un aperitivo antes de una buena comida o para disfrutar de un cigarrillo de sobremesa contemplando las maravillosas vistas del valle de La Cerdanya.<\/p>\n[\/vc_column_text][\/vc_column][\/vc_row]\n<\/div>","protected":false},"excerpt":{"rendered":"<p>[vc_row][vc_column][vc_column_text css_animation=\u00bbright-to-left\u00bb] Vivir experiencia extraordinaria realizada\u00a0por instalaciones del hotel [\/vc_column_text][vc_column_text css_animation=\u00bbright-to-left\u00bb] Piscina [\/vc_column_text][\/vc_column][\/vc_row][vc_row][vc_column width=\u00bb1\/2&#8243;][vc_column_text css_animation=\u00bbleft-to-right\u00bb] La Fonda Matia dispone de una espl\u00e9ndida piscina para adultos y otra paro los m\u00e1s peque\u00f1os, a disposici\u00f3n de sus hu\u00e9spedes. La piscina permanecer\u00e1 abierta todos los d\u00edas de la temporada de verano. Est\u00e1 situada entre en medio del complejo,<\/p>\n","protected":false},"author":1,"featured_media":0,"parent":0,"menu_order":0,"comment_status":"closed","ping_status":"closed","template":"page-templates\/template-full-width.php","meta":{"footnotes":""},"class_list":["post-58","page","type-page","status-publish","hentry"],"_links":{"self":[{"href":"https:\/\/www.hotelenlacerdanya.com\/es\/wp-json\/wp\/v2\/pages\/58","targetHints":{"allow":["GET"]}}],"collection":[{"href":"https:\/\/www.hotelenlacerdanya.com\/es\/wp-json\/wp\/v2\/pages"}],"about":[{"href":"https:\/\/www.hotelenlacerdanya.com\/es\/wp-json\/wp\/v2\/types\/page"}],"author":[{"embeddable":true,"href":"https:\/\/www.hotelenlacerdanya.com\/es\/wp-json\/wp\/v2\/users\/1"}],"replies":[{"embeddable":true,"href":"https:\/\/www.hotelenlacerdanya.com\/es\/wp-json\/wp\/v2\/comments?post=58"}],"version-history":[{"count":50,"href":"https:\/\/www.hotelenlacerdanya.com\/es\/wp-json\/wp\/v2\/pages\/58\/revisions"}],"predecessor-version":[{"id":2161,"href":"https:\/\/www.hotelenlacerdanya.com\/es\/wp-json\/wp\/v2\/pages\/58\/revisions\/2161"}],"wp:attachment":[{"href":"https:\/\/www.hotelenlacerdanya.com\/es\/wp-json\/wp\/v2\/media?parent=58"}],"curies":[{"name":"wp","href":"https:\/\/api.w.org\/{rel}","templated":true}]}}