{"id":56,"date":"2014-02-27T08:51:00","date_gmt":"2014-02-27T08:51:00","guid":{"rendered":"https:\/\/www.hotelenlacerdanya.com\/?page_id=56"},"modified":"2019-03-27T10:21:08","modified_gmt":"2019-03-27T10:21:08","slug":"zonas-comunes","status":"publish","type":"page","link":"https:\/\/www.hotelenlacerdanya.com\/es\/zonas-comunes\/","title":{"rendered":"Zonas comunes"},"content":{"rendered":"<div class=\"wpb-content-wrapper\">[vc_row][vc_column width=\u00bb1\/2&#8243;][vc_column_text css_animation=\u00bbleft-to-right\u00bb]\n<h3 class=\"zonascomunes\">Hall<\/h3>\n<p style=\"text-align: center;\"><a href=\"https:\/\/www.hotelenlacerdanya.com\/wp-content\/uploads\/2019\/01\/DSCF3844.jpg\"><img loading=\"lazy\" decoding=\"async\" class=\"alignnone wp-image-4952 size-medium\" src=\"https:\/\/www.hotelenlacerdanya.com\/wp-content\/uploads\/2019\/01\/DSCF3844-221x300.jpg\" alt=\"\" width=\"221\" height=\"300\" srcset=\"https:\/\/www.hotelenlacerdanya.com\/wp-content\/uploads\/2019\/01\/DSCF3844-221x300.jpg 221w, https:\/\/www.hotelenlacerdanya.com\/wp-content\/uploads\/2019\/01\/DSCF3844-768x1044.jpg 768w, https:\/\/www.hotelenlacerdanya.com\/wp-content\/uploads\/2019\/01\/DSCF3844-753x1024.jpg 753w, https:\/\/www.hotelenlacerdanya.com\/wp-content\/uploads\/2019\/01\/DSCF3844-74x100.jpg 74w\" sizes=\"auto, (max-width: 221px) 100vw, 221px\" \/><\/a><\/p>\n<p dir=\"ltr\" style=\"text-align: justify;\">La Fonda Matia, con un bagaje de cuatro generaciones, sigue deseando ofrecer a sus hu\u00e9spedes la tranquilidad, comodidad e independencia que buscan, en un ambiente amable cuidado y familiar.<\/p>\n<p style=\"text-align: justify;\">Les damos la bienvenida en un nuevo concepto de Fonda totalmente renovado, que mezcla la tradici\u00f3n y el trato familiar con la vanguardia de las \u00faltimas tendencias en un espacio moderno donde relajarse al lado de la chimenea o disfrutar de nuestro paisaje.<\/p>\n[\/vc_column_text][vc_gallery type=\u00bbflexslider_slide\u00bb interval=\u00bb5&#8243; images=\u00bb5138,5142,5146,5150,5154,5158,5162&#8243; img_size=\u00bb460&#215;345&#8243;][\/vc_column][vc_column width=\u00bb1\/2&#8243;][vc_column_text css_animation=\u00bbright-to-left\u00bb]\n<h3 class=\"zonascomunes\">Zona blanca de lectura<\/h3>\n<p style=\"text-align: center;\"><img loading=\"lazy\" decoding=\"async\" class=\"wp-image-575 aligncenter\" src=\"https:\/\/www.hotelenlacerdanya.com\/wp-content\/uploads\/2014\/02\/zona-lectura-fondamatia-010.jpg\" alt=\"zona-lectura-fondamatia-010\" width=\"460\" height=\"345\" srcset=\"https:\/\/www.hotelenlacerdanya.com\/wp-content\/uploads\/2014\/02\/zona-lectura-fondamatia-010.jpg 800w, https:\/\/www.hotelenlacerdanya.com\/wp-content\/uploads\/2014\/02\/zona-lectura-fondamatia-010-300x225.jpg 300w, https:\/\/www.hotelenlacerdanya.com\/wp-content\/uploads\/2014\/02\/zona-lectura-fondamatia-010-100x75.jpg 100w\" sizes=\"auto, (max-width: 460px) 100vw, 460px\" \/><\/p>\n<p style=\"text-align: justify;\">Otro de la estancias comunes de Fonda Mat\u00eda est\u00e1 especialmente dedicada a los amantes de la lectura. Nuestra zona blanca de lectura est\u00e1 pensada para aquellas personas que buscan un lugar recogido donde disfrutar de un buen libro en un ambiente relajado y lleno de luz natural.<\/p>\n[\/vc_column_text][vc_gallery type=\u00bbflexslider_slide\u00bb interval=\u00bb5&#8243; images=\u00bb576,567,569,568,571,572,573,574,579,580,581,583,585,586&#8243; img_size=\u00bb460&#215;345&#8243;][\/vc_column][\/vc_row][vc_row][vc_column][vc_separator][\/vc_column][\/vc_row][vc_row][vc_column width=\u00bb1\/2&#8243;][vc_column_text css_animation=\u00bbleft-to-right\u00bb]\n<h3 class=\"zonascomunes\">Sala de estar<\/h3>\n<p style=\"text-align: center;\"><a href=\"https:\/\/www.hotelenlacerdanya.com\/wp-content\/uploads\/2019\/01\/DSCF3847.jpg\"><img loading=\"lazy\" decoding=\"async\" class=\"alignnone wp-image-4960 size-medium\" src=\"https:\/\/www.hotelenlacerdanya.com\/wp-content\/uploads\/2019\/01\/DSCF3847-300x200.jpg\" alt=\"\" width=\"300\" height=\"200\" srcset=\"https:\/\/www.hotelenlacerdanya.com\/wp-content\/uploads\/2019\/01\/DSCF3847-300x200.jpg 300w, https:\/\/www.hotelenlacerdanya.com\/wp-content\/uploads\/2019\/01\/DSCF3847-768x512.jpg 768w, https:\/\/www.hotelenlacerdanya.com\/wp-content\/uploads\/2019\/01\/DSCF3847-1024x683.jpg 1024w, https:\/\/www.hotelenlacerdanya.com\/wp-content\/uploads\/2019\/01\/DSCF3847-100x67.jpg 100w, https:\/\/www.hotelenlacerdanya.com\/wp-content\/uploads\/2019\/01\/DSCF3847-330x220.jpg 330w, https:\/\/www.hotelenlacerdanya.com\/wp-content\/uploads\/2019\/01\/DSCF3847-450x300.jpg 450w\" sizes=\"auto, (max-width: 300px) 100vw, 300px\" \/><\/a><\/p>\n<p dir=\"ltr\" style=\"text-align: justify;\">La sala de estar esta dividida en tres espacios diferenciados, adapt\u00e1ndose a las necesidades de nuestros clientes en cada momento.<\/p>\n<p dir=\"ltr\" style=\"text-align: justify;\">El primer espacio formado por sillas y mesas donde reunirse y pasar un rato distendido con amigos, charlando o incluso jugando alguna partida de alguno de los muchos juegos de mesa de los que tenemos a su disposici\u00f3n.<\/p>\n<p dir=\"ltr\" style=\"text-align: justify;\">Tambi\u00e9n pueden decidir descansar en nuestros sillones y disfrutar de una buena pel\u00edcula en la sala de televisi\u00f3n. O simplemente contemplar el espl\u00e9ndido paisaje que desde aqu\u00ed nos brinda el valle de la Cerdanya.<\/p>\n<p style=\"text-align: justify;\">Por \u00faltimo pueden relajarse en la zona blanca de biblioteca, en este confortable espacio pueden evadirse leyendo un buen libro, escuchar m\u00fasica o incluso conectarte al mundo a trav\u00e9s de la red wifi que les ofrecemos de forma gratuita.<\/p>\n[\/vc_column_text][vc_gallery type=\u00bbflexslider_slide\u00bb interval=\u00bb5&#8243; images=\u00bb553,558,551,555,556,550,552,543&#8243; img_size=\u00bb460&#215;345&#8243;][\/vc_column][vc_column width=\u00bb1\/2&#8243;][vc_column_text css_animation=\u00bbright-to-left\u00bb]\n<h3 class=\"zonascomunes\" style=\"text-align: justify;\">Rinc\u00f3n Ximenea<\/h3>\n<p><a href=\"https:\/\/www.hotelenlacerdanya.com\/wp-content\/uploads\/2019\/01\/DSCF3836-Editar.jpg\"><img loading=\"lazy\" decoding=\"async\" class=\"alignnone wp-image-4924 size-medium\" src=\"https:\/\/www.hotelenlacerdanya.com\/wp-content\/uploads\/2019\/01\/DSCF3836-Editar-300x200.jpg\" alt=\"\" width=\"300\" height=\"200\" srcset=\"https:\/\/www.hotelenlacerdanya.com\/wp-content\/uploads\/2019\/01\/DSCF3836-Editar-300x200.jpg 300w, https:\/\/www.hotelenlacerdanya.com\/wp-content\/uploads\/2019\/01\/DSCF3836-Editar-768x512.jpg 768w, https:\/\/www.hotelenlacerdanya.com\/wp-content\/uploads\/2019\/01\/DSCF3836-Editar-1024x683.jpg 1024w, https:\/\/www.hotelenlacerdanya.com\/wp-content\/uploads\/2019\/01\/DSCF3836-Editar-100x67.jpg 100w, https:\/\/www.hotelenlacerdanya.com\/wp-content\/uploads\/2019\/01\/DSCF3836-Editar-330x220.jpg 330w, https:\/\/www.hotelenlacerdanya.com\/wp-content\/uploads\/2019\/01\/DSCF3836-Editar-450x300.jpg 450w\" sizes=\"auto, (max-width: 300px) 100vw, 300px\" \/><\/a><\/p>\n<p style=\"text-align: justify;\">Uno de los rincones m\u00e1s acogedores de la fonda, el Rinc\u00f3n Ximenea es una peque\u00f1a salita en donde es posible sentarse a leer o a hojear una revista, a charlar sosegadamente o simplemente a descansar al calor de una de nuestra chimeneas.<\/p>\n[\/vc_column_text][vc_gallery type=\u00bbflexslider_slide\u00bb interval=\u00bb5&#8243; images=\u00bb5170,5174,5178,5182&#8243; img_size=\u00bb460&#215;345&#8243;][\/vc_column][\/vc_row]\n<\/div>","protected":false},"excerpt":{"rendered":"<p>[vc_row][vc_column width=\u00bb1\/2&#8243;][vc_column_text css_animation=\u00bbleft-to-right\u00bb] Hall La Fonda Matia, con un bagaje de cuatro generaciones, sigue deseando ofrecer a sus hu\u00e9spedes la tranquilidad, comodidad e independencia que buscan, en un ambiente amable cuidado y familiar. Les damos la bienvenida en un nuevo concepto de Fonda totalmente renovado, que mezcla la tradici\u00f3n y el trato familiar con la<\/p>\n","protected":false},"author":1,"featured_media":0,"parent":0,"menu_order":0,"comment_status":"closed","ping_status":"closed","template":"page-templates\/template-full-width.php","meta":{"footnotes":""},"class_list":["post-56","page","type-page","status-publish","hentry"],"_links":{"self":[{"href":"https:\/\/www.hotelenlacerdanya.com\/es\/wp-json\/wp\/v2\/pages\/56","targetHints":{"allow":["GET"]}}],"collection":[{"href":"https:\/\/www.hotelenlacerdanya.com\/es\/wp-json\/wp\/v2\/pages"}],"about":[{"href":"https:\/\/www.hotelenlacerdanya.com\/es\/wp-json\/wp\/v2\/types\/page"}],"author":[{"embeddable":true,"href":"https:\/\/www.hotelenlacerdanya.com\/es\/wp-json\/wp\/v2\/users\/1"}],"replies":[{"embeddable":true,"href":"https:\/\/www.hotelenlacerdanya.com\/es\/wp-json\/wp\/v2\/comments?post=56"}],"version-history":[{"count":80,"href":"https:\/\/www.hotelenlacerdanya.com\/es\/wp-json\/wp\/v2\/pages\/56\/revisions"}],"predecessor-version":[{"id":5188,"href":"https:\/\/www.hotelenlacerdanya.com\/es\/wp-json\/wp\/v2\/pages\/56\/revisions\/5188"}],"wp:attachment":[{"href":"https:\/\/www.hotelenlacerdanya.com\/es\/wp-json\/wp\/v2\/media?parent=56"}],"curies":[{"name":"wp","href":"https:\/\/api.w.org\/{rel}","templated":true}]}}