{"id":2810,"date":"2017-11-19T09:33:39","date_gmt":"2017-11-19T09:33:39","guid":{"rendered":"https:\/\/www.hotelenlacerdanya.com\/?page_id=2810&#038;lang=es"},"modified":"2017-11-19T09:46:26","modified_gmt":"2017-11-19T09:46:26","slug":"wi-fi-gratuito","status":"publish","type":"page","link":"https:\/\/www.hotelenlacerdanya.com\/es\/wi-fi-gratuito\/","title":{"rendered":"Wi-Fi Gratuito en la Fonda Matia"},"content":{"rendered":"<div class=\"wpb-content-wrapper\">[vc_row][vc_column][vc_column_text]El servicio gratuito de <strong>WIFI<\/strong> en nuestro hotel en\u00a0Cerdanya\u00a0deja\u00a0conectarse a Internet con el port\u00e1til en su habitaci\u00f3n, luego bajar a la\u00a0zona com\u00fan\u00a0y seguir disfrutando\u00a0de su conexi\u00f3n a Internet. Para conectarse, necesita una clave que le facilitar\u00e1n en recepci\u00f3n, ademas no se necesita repetir la sesi\u00f3n.<a href=\"https:\/\/www.hotelenlacerdanya.com\/wp-content\/uploads\/2017\/11\/ICT.jpg\"><img loading=\"lazy\" decoding=\"async\" class=\"alignright wp-image-2811 size-medium\" src=\"https:\/\/www.hotelenlacerdanya.com\/wp-content\/uploads\/2017\/11\/ICT-300x200.jpg\" alt=\"ICT\" width=\"300\" height=\"200\" srcset=\"https:\/\/www.hotelenlacerdanya.com\/wp-content\/uploads\/2017\/11\/ICT-300x200.jpg 300w, https:\/\/www.hotelenlacerdanya.com\/wp-content\/uploads\/2017\/11\/ICT-1024x682.jpg 1024w, https:\/\/www.hotelenlacerdanya.com\/wp-content\/uploads\/2017\/11\/ICT-100x67.jpg 100w, https:\/\/www.hotelenlacerdanya.com\/wp-content\/uploads\/2017\/11\/ICT-330x220.jpg 330w, https:\/\/www.hotelenlacerdanya.com\/wp-content\/uploads\/2017\/11\/ICT-450x300.jpg 450w, https:\/\/www.hotelenlacerdanya.com\/wp-content\/uploads\/2017\/11\/ICT.jpg 2048w\" sizes=\"auto, (max-width: 300px) 100vw, 300px\" \/><\/a><\/p>\n<p>Nuestro restaurante\u00a0 y la cafeter\u00eda La Muga tambi\u00e9n\u00a0dispone de un servicio de\u00a0<strong>conexi\u00f3n a Internet<\/strong>. Puede conseguir su acceso solicitando\u00a0la contrase\u00f1a el personal de la Muga.[\/vc_column_text][\/vc_column][\/vc_row][vc_row][vc_column][vc_facebook][\/vc_column][\/vc_row]\n<\/div>","protected":false},"excerpt":{"rendered":"<p>[vc_row][vc_column][vc_column_text]El servicio gratuito de WIFI en nuestro hotel en\u00a0Cerdanya\u00a0deja\u00a0conectarse a Internet con el port\u00e1til en su habitaci\u00f3n, luego bajar a la\u00a0zona com\u00fan\u00a0y seguir disfrutando\u00a0de su conexi\u00f3n a Internet. Para conectarse, necesita una clave que le facilitar\u00e1n en recepci\u00f3n, ademas no se necesita repetir la sesi\u00f3n. Nuestro restaurante\u00a0 y la cafeter\u00eda La Muga tambi\u00e9n\u00a0dispone de un<\/p>\n","protected":false},"author":1,"featured_media":0,"parent":0,"menu_order":0,"comment_status":"closed","ping_status":"closed","template":"page-templates\/template-full-width.php","meta":{"footnotes":""},"class_list":["post-2810","page","type-page","status-publish","hentry"],"_links":{"self":[{"href":"https:\/\/www.hotelenlacerdanya.com\/es\/wp-json\/wp\/v2\/pages\/2810","targetHints":{"allow":["GET"]}}],"collection":[{"href":"https:\/\/www.hotelenlacerdanya.com\/es\/wp-json\/wp\/v2\/pages"}],"about":[{"href":"https:\/\/www.hotelenlacerdanya.com\/es\/wp-json\/wp\/v2\/types\/page"}],"author":[{"embeddable":true,"href":"https:\/\/www.hotelenlacerdanya.com\/es\/wp-json\/wp\/v2\/users\/1"}],"replies":[{"embeddable":true,"href":"https:\/\/www.hotelenlacerdanya.com\/es\/wp-json\/wp\/v2\/comments?post=2810"}],"version-history":[{"count":4,"href":"https:\/\/www.hotelenlacerdanya.com\/es\/wp-json\/wp\/v2\/pages\/2810\/revisions"}],"predecessor-version":[{"id":2817,"href":"https:\/\/www.hotelenlacerdanya.com\/es\/wp-json\/wp\/v2\/pages\/2810\/revisions\/2817"}],"wp:attachment":[{"href":"https:\/\/www.hotelenlacerdanya.com\/es\/wp-json\/wp\/v2\/media?parent=2810"}],"curies":[{"name":"wp","href":"https:\/\/api.w.org\/{rel}","templated":true}]}}