{"id":2236,"date":"2017-04-04T10:28:00","date_gmt":"2017-04-04T10:28:00","guid":{"rendered":"https:\/\/www.hotelenlacerdanya.com\/?page_id=2236"},"modified":"2017-11-09T19:36:31","modified_gmt":"2017-11-09T19:36:31","slug":"ciclismo_cerdanya_bellver_fonda_matia","status":"publish","type":"page","link":"https:\/\/www.hotelenlacerdanya.com\/es\/ciclismo_cerdanya_bellver_fonda_matia\/","title":{"rendered":"Ciclismo"},"content":{"rendered":"<p style=\"text-align: justify;\"><span style=\"font-family: 'book antiqua', palatino, serif; font-size: 12pt;\">Disfruta la naturaleza de la Cerdanya con tu bicicleta. Aqu\u00ed hay de todo y para todos los gustos. Depende si quieres hacer larga distancia en <a href=\"http:\/\/lacerdanyacycletour.com\/language\/es\/inicio\/\">las carreteras<\/a> pirineas o buscas rutas para llegar\u00a0a pueblos m\u00e1s peque\u00f1os y desconocidos que tienen su propio esp\u00edritu rural y familiar. Si te gusta subir, coge rutas conocidas o si te apetece d\u00e9jate sorprender por las carreteras secundarias.<\/span><\/p>\n<p><iframe loading=\"lazy\" src=\"https:\/\/www.wikiloc.com\/wikiloc\/view.do?id=17180930&amp;measures=on&amp;title=off&amp;near=on&amp;images=off&amp;maptype=S\" width=\"740\" height=\"550\" frameborder=\"0\"><\/iframe><\/p>\n","protected":false},"excerpt":{"rendered":"<p>Disfruta la naturaleza de la Cerdanya con tu bicicleta. Aqu\u00ed hay de todo y para todos los gustos. Depende si quieres hacer larga distancia en las carreteras pirineas o buscas rutas para llegar\u00a0a pueblos m\u00e1s peque\u00f1os y desconocidos que tienen su propio esp\u00edritu rural y familiar. Si te gusta subir, coge rutas conocidas o si<\/p>\n","protected":false},"author":1,"featured_media":0,"parent":0,"menu_order":0,"comment_status":"closed","ping_status":"closed","template":"page-templates\/template-full-width.php","meta":{"footnotes":""},"class_list":["post-2236","page","type-page","status-publish","hentry"],"_links":{"self":[{"href":"https:\/\/www.hotelenlacerdanya.com\/es\/wp-json\/wp\/v2\/pages\/2236","targetHints":{"allow":["GET"]}}],"collection":[{"href":"https:\/\/www.hotelenlacerdanya.com\/es\/wp-json\/wp\/v2\/pages"}],"about":[{"href":"https:\/\/www.hotelenlacerdanya.com\/es\/wp-json\/wp\/v2\/types\/page"}],"author":[{"embeddable":true,"href":"https:\/\/www.hotelenlacerdanya.com\/es\/wp-json\/wp\/v2\/users\/1"}],"replies":[{"embeddable":true,"href":"https:\/\/www.hotelenlacerdanya.com\/es\/wp-json\/wp\/v2\/comments?post=2236"}],"version-history":[{"count":6,"href":"https:\/\/www.hotelenlacerdanya.com\/es\/wp-json\/wp\/v2\/pages\/2236\/revisions"}],"predecessor-version":[{"id":2583,"href":"https:\/\/www.hotelenlacerdanya.com\/es\/wp-json\/wp\/v2\/pages\/2236\/revisions\/2583"}],"wp:attachment":[{"href":"https:\/\/www.hotelenlacerdanya.com\/es\/wp-json\/wp\/v2\/media?parent=2236"}],"curies":[{"name":"wp","href":"https:\/\/api.w.org\/{rel}","templated":true}]}}