{"id":2169,"date":"2017-04-02T18:07:06","date_gmt":"2017-04-02T18:07:06","guid":{"rendered":"https:\/\/www.hotelenlacerdanya.com\/?page_id=2169"},"modified":"2017-10-15T19:54:20","modified_gmt":"2017-10-15T19:54:20","slug":"turismo_activo_cerdanya_bellver","status":"publish","type":"page","link":"https:\/\/www.hotelenlacerdanya.com\/es\/turismo_activo_cerdanya_bellver\/","title":{"rendered":"Turismo Activo"},"content":{"rendered":"<div class=\"wpb-content-wrapper\">[vc_row][vc_column][vc_column_text]\n<p style=\"text-align: justify;\"><span style=\"font-family: 'book antiqua', palatino, serif; font-size: 12pt;\">D\u00e9ja sentirte bien y estar en la forma para los 365 d\u00edas del a\u00f1o! Actividades de monta\u00f1a y naturaleza maravillosa motivan cada uno de nuestros hu\u00e9spedes.<\/span><br \/>\n<span style=\"font-family: 'book antiqua', palatino, serif; font-size: 12pt;\">Ambiente de la Cerdanya, que rodea la Fonda Matia es excelente para comenzar el d\u00eda del marcha: senderismo, correr, montar en bicicleta.<\/span><br \/>\n<span style=\"font-family: 'book antiqua', palatino, serif; font-size: 12pt;\">Prueba el sabor del estilo de vida pirinea en cualquier manera que eliges.<\/span><\/p>\n[\/vc_column_text][\/vc_column][\/vc_row][vc_row][vc_column width=\u00bb1\/3&#8243;][cq_vc_ihover images=\u00bb1505&#8243; thumbtitle=\u00bbSenderismo\u00bb thumbdesc=\u00bbSenderismo en La Cerdanya\u00bb shape=\u00bbcircle\u00bb effect=\u00bbeffect2&#8243; direction1=\u00bbtop_to_bottom\u00bb onclick=\u00bbcustom_link\u00bb custom_links_target=\u00bb_blank\u00bb itemheight=\u00bb180&#8243; margin=\u00bb0 0 0 0&#8243; custom_links=\u00bbhttps:\/\/www.hotelenlacerdanya.com\/?p=2178&#8243;][\/vc_column][vc_column width=\u00bb1\/3&#8243;][cq_vc_ihover images=\u00bb2232&#8243; thumbtitle=\u00bbCorrer\u00bb thumbdesc=\u00bbCorrer en la Cerdanya\u00bb shape=\u00bbcircle\u00bb effect=\u00bbeffect2&#8243; direction1=\u00bbtop_to_bottom\u00bb onclick=\u00bbcustom_link\u00bb itemheight=\u00bb180&#8243; margin=\u00bb0 0 0 0&#8243; custom_links=\u00bbhttps:\/\/www.hotelenlacerdanya.com\/?p=2182&#8243;][\/vc_column][vc_column width=\u00bb1\/3&#8243;][cq_vc_ihover images=\u00bb2239&#8243; thumbtitle=\u00bbCiclismo\u00bb thumbdesc=\u00bbMontar la bicicleta en la Cerdanya\u00bb shape=\u00bbcircle\u00bb effect=\u00bbeffect2&#8243; direction1=\u00bbtop_to_bottom\u00bb onclick=\u00bbcustom_link\u00bb itemheight=\u00bb180&#8243; margin=\u00bb0 0 0 0&#8243; custom_links=\u00bbhttps:\/\/www.hotelenlacerdanya.com\/?p=2236&#8243;][\/vc_column][\/vc_row]\n<\/div>","protected":false},"excerpt":{"rendered":"<p>[vc_row][vc_column][vc_column_text] D\u00e9ja sentirte bien y estar en la forma para los 365 d\u00edas del a\u00f1o! Actividades de monta\u00f1a y naturaleza maravillosa motivan cada uno de nuestros hu\u00e9spedes. Ambiente de la Cerdanya, que rodea la Fonda Matia es excelente para comenzar el d\u00eda del marcha: senderismo, correr, montar en bicicleta. Prueba el sabor del estilo de<\/p>\n","protected":false},"author":1,"featured_media":0,"parent":0,"menu_order":0,"comment_status":"closed","ping_status":"closed","template":"page-templates\/template-full-width.php","meta":{"footnotes":""},"class_list":["post-2169","page","type-page","status-publish","hentry"],"_links":{"self":[{"href":"https:\/\/www.hotelenlacerdanya.com\/es\/wp-json\/wp\/v2\/pages\/2169","targetHints":{"allow":["GET"]}}],"collection":[{"href":"https:\/\/www.hotelenlacerdanya.com\/es\/wp-json\/wp\/v2\/pages"}],"about":[{"href":"https:\/\/www.hotelenlacerdanya.com\/es\/wp-json\/wp\/v2\/types\/page"}],"author":[{"embeddable":true,"href":"https:\/\/www.hotelenlacerdanya.com\/es\/wp-json\/wp\/v2\/users\/1"}],"replies":[{"embeddable":true,"href":"https:\/\/www.hotelenlacerdanya.com\/es\/wp-json\/wp\/v2\/comments?post=2169"}],"version-history":[{"count":15,"href":"https:\/\/www.hotelenlacerdanya.com\/es\/wp-json\/wp\/v2\/pages\/2169\/revisions"}],"predecessor-version":[{"id":2294,"href":"https:\/\/www.hotelenlacerdanya.com\/es\/wp-json\/wp\/v2\/pages\/2169\/revisions\/2294"}],"wp:attachment":[{"href":"https:\/\/www.hotelenlacerdanya.com\/es\/wp-json\/wp\/v2\/media?parent=2169"}],"curies":[{"name":"wp","href":"https:\/\/api.w.org\/{rel}","templated":true}]}}