{"id":17,"date":"2014-02-20T15:38:44","date_gmt":"2014-02-20T15:38:44","guid":{"rendered":"https:\/\/www.hotelenlacerdanya.com\/accommodations\/"},"modified":"2017-11-18T19:46:43","modified_gmt":"2017-11-18T19:46:43","slug":"habitaciones_en_la_cerdanya","status":"publish","type":"page","link":"https:\/\/www.hotelenlacerdanya.com\/es\/habitaciones_en_la_cerdanya\/","title":{"rendered":"Habitaciones"},"content":{"rendered":"<div class=\"wpb-content-wrapper\"><p>\u00a1<strong>Finalmente<\/strong> tengo tiempo solo para mi o para mi familia! Solo o juntos me gustar\u00eda experimentar la naturaleza y descubrir las monta\u00f1as&#8230; Quiero dejar atr\u00e1s vida cotidiana, pero a\u00fan sentirme como en casa. Tomarse un tiempo, lentitud, aire fresco, un ambiente saludable, tiempo para m\u00ed, para nosotros, para la familia &#8230;. Todo lo que deseo puedo encontrar en la Cerdanya en la Fonda Matia&#8230;<\/p>\n[vc_row][vc_column width=\u00bb1\/1&#8243;][vc_column_text]<ul class=\"accommodation-listing clearfix\">\n\t\t\t<li class=\"col\">\n\t\t\t<a href=\"https:\/\/www.hotelenlacerdanya.com\/es\/habitaciones\/individual_en_la_cerdanya\/\" rel=\"bookmark\" title=\"Habitaci\u00f3n Individual Estandar\">\n\t\t\t\t\t\t\t\t\t<img decoding=\"async\" src=\"https:\/\/www.hotelenlacerdanya.com\/wp-content\/uploads\/2014\/02\/single_1-1-700x480.jpg\" alt=\"\" class=\"accommodation-thumb\" \/>\n\t\t\t\t\t\t\t<\/a>\n\t\t\t<h3 class=\"title-style1\">\n\t\t\t\t<a href=\"https:\/\/www.hotelenlacerdanya.com\/es\/habitaciones\/individual_en_la_cerdanya\/\" rel=\"bookmark\" title=\"Habitaci\u00f3n Individual Estandar\">Habitaci\u00f3n Individual Estandar<\/a>\n\t\t\t\t<span class=\"title-block\"><\/span>\n\t\t\t<\/h3>\n\t\t\t\n\t\t\t<ul class=\"no-style-list\">\n\t\t\t\t\t\t\t\t\t<li>\n\t\t\t\t\t\t<strong>Camas:<\/strong> Cama individual\t\t\t\t\t<\/li>\n\t\t\t\t\t\t\t\t\t\t\t\t\t\t\t\t\t<li>\n\t\t\t\t\t\t<strong>N\u00famero de personas:<\/strong> 1\t\t\t\t\t<\/li>\n\t\t\t\t\t\t\t\t\t\t\t\t\t\t\t\t\t\t\t\t\t<li>\n\t\t\t\t\t\t<strong>Tarifas Desde:<\/strong> \u20ac39\t\t\t\t\t<\/li>\n\t\t\t\t\t\t\t<\/ul>\n\t\t\t\n\t\t\t<p><a href=\"https:\/\/www.hotelenlacerdanya.com\/es\/habitaciones\/individual_en_la_cerdanya\/\" class=\"button1 button-space1\">Ver m\u00e1s detalles<\/a> <!--a href=\"https:\/\/www.hotelenlacerdanya.com\/en\/?page_id=1336\" class=\"button2\">Comprobar Disponibilidad<\/a--><\/p>\n\t\t<\/li>\n\t\t\t<li class=\"col\">\n\t\t\t<a href=\"https:\/\/www.hotelenlacerdanya.com\/es\/habitaciones\/habitacion-doble-estandar\/\" rel=\"bookmark\" title=\"Habitaci\u00f3n Doble Estandar\">\n\t\t\t\t\t\t\t\t\t<img decoding=\"async\" src=\"https:\/\/www.hotelenlacerdanya.com\/wp-content\/uploads\/2019\/05\/DSC04150-700x480.jpg\" alt=\"\" class=\"accommodation-thumb\" \/>\n\t\t\t\t\t\t\t<\/a>\n\t\t\t<h3 class=\"title-style1\">\n\t\t\t\t<a href=\"https:\/\/www.hotelenlacerdanya.com\/es\/habitaciones\/habitacion-doble-estandar\/\" rel=\"bookmark\" title=\"Habitaci\u00f3n Doble Estandar\">Habitaci\u00f3n Doble Estandar<\/a>\n\t\t\t\t<span class=\"title-block\"><\/span>\n\t\t\t<\/h3>\n\t\t\t\n\t\t\t<ul class=\"no-style-list\">\n\t\t\t\t\t\t\t\t\t<li>\n\t\t\t\t\t\t<strong>Camas:<\/strong> Cama doble, Camas separadas\t\t\t\t\t<\/li>\n\t\t\t\t\t\t\t\t\t\t\t\t\t\t\t\t\t<li>\n\t\t\t\t\t\t<strong>N\u00famero de personas:<\/strong> 2\t\t\t\t\t<\/li>\n\t\t\t\t\t\t\t\t\t\t\t\t\t\t\t\t\t\t\t\t\t<li>\n\t\t\t\t\t\t<strong>Tarifas Desde:<\/strong> \u20ac59\t\t\t\t\t<\/li>\n\t\t\t\t\t\t\t<\/ul>\n\t\t\t\n\t\t\t<p><a href=\"https:\/\/www.hotelenlacerdanya.com\/es\/habitaciones\/habitacion-doble-estandar\/\" class=\"button1 button-space1\">Ver m\u00e1s detalles<\/a> <!--a href=\"https:\/\/www.hotelenlacerdanya.com\/en\/?page_id=1336\" class=\"button2\">Comprobar Disponibilidad<\/a--><\/p>\n\t\t<\/li>\n\t\t\t<li class=\"col\">\n\t\t\t<a href=\"https:\/\/www.hotelenlacerdanya.com\/es\/habitaciones\/doble-superior_vista_cadi_cerdanya\/\" rel=\"bookmark\" title=\"Habitaci\u00f3n Doble Superior\">\n\t\t\t\t\t\t\t\t\t<img decoding=\"async\" src=\"https:\/\/www.hotelenlacerdanya.com\/wp-content\/uploads\/2019\/05\/twin_s_pp.jpg\" alt=\"\" class=\"accommodation-thumb\" \/>\n\t\t\t\t\t\t\t<\/a>\n\t\t\t<h3 class=\"title-style1\">\n\t\t\t\t<a href=\"https:\/\/www.hotelenlacerdanya.com\/es\/habitaciones\/doble-superior_vista_cadi_cerdanya\/\" rel=\"bookmark\" title=\"Habitaci\u00f3n Doble Superior\">Habitaci\u00f3n Doble Superior<\/a>\n\t\t\t\t<span class=\"title-block\"><\/span>\n\t\t\t<\/h3>\n\t\t\t\n\t\t\t<ul class=\"no-style-list\">\n\t\t\t\t\t\t\t\t\t<li>\n\t\t\t\t\t\t<strong>Camas:<\/strong> Cama doble, Camas separadas\t\t\t\t\t<\/li>\n\t\t\t\t\t\t\t\t\t\t\t\t\t\t\t\t\t<li>\n\t\t\t\t\t\t<strong>N\u00famero de personas:<\/strong> 2\t\t\t\t\t<\/li>\n\t\t\t\t\t\t\t\t\t\t\t\t\t\t\t\t\t<li>\n\t\t\t\t\t\t<strong>Tipo de vistas:<\/strong> La sierra del Cad\u00ed y al parque Cad\u00ed Moixer\u00f2.\t\t\t\t\t<\/li>\n\t\t\t\t\t\t\t\t\t\t\t\t\t<li>\n\t\t\t\t\t\t<strong>Tarifas Desde:<\/strong> \u20ac105\t\t\t\t\t<\/li>\n\t\t\t\t\t\t\t<\/ul>\n\t\t\t\n\t\t\t<p><a href=\"https:\/\/www.hotelenlacerdanya.com\/es\/habitaciones\/doble-superior_vista_cadi_cerdanya\/\" class=\"button1 button-space1\">Ver m\u00e1s detalles<\/a> <!--a href=\"https:\/\/www.hotelenlacerdanya.com\/en\/?page_id=1336\" class=\"button2\">Comprobar Disponibilidad<\/a--><\/p>\n\t\t<\/li>\n\t\t\t<li class=\"col\">\n\t\t\t<a href=\"https:\/\/www.hotelenlacerdanya.com\/es\/habitaciones\/habitacion-triple-2\/\" rel=\"bookmark\" title=\"Habitaci\u00f3n Triple\">\n\t\t\t\t\t\t\t\t\t<img decoding=\"async\" src=\"https:\/\/www.hotelenlacerdanya.com\/wp-content\/uploads\/2019\/05\/DSC04142-700x480.jpg\" alt=\"\" class=\"accommodation-thumb\" \/>\n\t\t\t\t\t\t\t<\/a>\n\t\t\t<h3 class=\"title-style1\">\n\t\t\t\t<a href=\"https:\/\/www.hotelenlacerdanya.com\/es\/habitaciones\/habitacion-triple-2\/\" rel=\"bookmark\" title=\"Habitaci\u00f3n Triple\">Habitaci\u00f3n Triple<\/a>\n\t\t\t\t<span class=\"title-block\"><\/span>\n\t\t\t<\/h3>\n\t\t\t\n\t\t\t<ul class=\"no-style-list\">\n\t\t\t\t\t\t\t\t\t<li>\n\t\t\t\t\t\t<strong>Camas:<\/strong> Cama individual, Cama doble\t\t\t\t\t<\/li>\n\t\t\t\t\t\t\t\t\t\t\t\t\t\t\t\t\t<li>\n\t\t\t\t\t\t<strong>N\u00famero de personas:<\/strong> 3\t\t\t\t\t<\/li>\n\t\t\t\t\t\t\t\t\t\t\t\t\t\t\t\t\t\t\t\t\t<li>\n\t\t\t\t\t\t<strong>Tarifas Desde:<\/strong> \u20ac85\t\t\t\t\t<\/li>\n\t\t\t\t\t\t\t<\/ul>\n\t\t\t\n\t\t\t<p><a href=\"https:\/\/www.hotelenlacerdanya.com\/es\/habitaciones\/habitacion-triple-2\/\" class=\"button1 button-space1\">Ver m\u00e1s detalles<\/a> <!--a href=\"https:\/\/www.hotelenlacerdanya.com\/en\/?page_id=1336\" class=\"button2\">Comprobar Disponibilidad<\/a--><\/p>\n\t\t<\/li>\n\t\t\t<li class=\"col\">\n\t\t\t<a href=\"https:\/\/www.hotelenlacerdanya.com\/es\/habitaciones\/habitacion-cuadruple_familiar_en-_cerdanya\/\" rel=\"bookmark\" title=\"Habitaci\u00f3n Cu\u00e1druple\">\n\t\t\t\t\t\t\t\t\t<img decoding=\"async\" src=\"https:\/\/www.hotelenlacerdanya.com\/wp-content\/uploads\/2014\/05\/inicio-fondamatia-11-700x480.jpg\" alt=\"\" class=\"accommodation-thumb\" \/>\n\t\t\t\t\t\t\t<\/a>\n\t\t\t<h3 class=\"title-style1\">\n\t\t\t\t<a href=\"https:\/\/www.hotelenlacerdanya.com\/es\/habitaciones\/habitacion-cuadruple_familiar_en-_cerdanya\/\" rel=\"bookmark\" title=\"Habitaci\u00f3n Cu\u00e1druple\">Habitaci\u00f3n Cu\u00e1druple<\/a>\n\t\t\t\t<span class=\"title-block\"><\/span>\n\t\t\t<\/h3>\n\t\t\t\n\t\t\t<ul class=\"no-style-list\">\n\t\t\t\t\t\t\t\t\t<li>\n\t\t\t\t\t\t<strong>Camas:<\/strong> Cama doble, Camas separadas\t\t\t\t\t<\/li>\n\t\t\t\t\t\t\t\t\t\t\t\t\t\t\t\t\t<li>\n\t\t\t\t\t\t<strong>N\u00famero de personas:<\/strong> 4\t\t\t\t\t<\/li>\n\t\t\t\t\t\t\t\t\t\t\t\t\t\t\t\t\t\t\t\t\t<li>\n\t\t\t\t\t\t<strong>Tarifas Desde:<\/strong> \u20ac130\t\t\t\t\t<\/li>\n\t\t\t\t\t\t\t<\/ul>\n\t\t\t\n\t\t\t<p><a href=\"https:\/\/www.hotelenlacerdanya.com\/es\/habitaciones\/habitacion-cuadruple_familiar_en-_cerdanya\/\" class=\"button1 button-space1\">Ver m\u00e1s detalles<\/a> <!--a href=\"https:\/\/www.hotelenlacerdanya.com\/en\/?page_id=1336\" class=\"button2\">Comprobar Disponibilidad<\/a--><\/p>\n\t\t<\/li>\n\t<\/ul>\n\n\n[\/vc_column_text][\/vc_column][\/vc_row][vc_row][vc_column width=\u00bb1\/1&#8243;][vc_column_text]\n<\/div>","protected":false},"excerpt":{"rendered":"<p>\u00a1Finalmente tengo tiempo solo para mi o para mi familia! Solo o juntos me gustar\u00eda experimentar la naturaleza y descubrir las monta\u00f1as&#8230; Quiero dejar atr\u00e1s vida cotidiana, pero a\u00fan sentirme como en casa. Tomarse un tiempo, lentitud, aire fresco, un ambiente saludable, tiempo para m\u00ed, para nosotros, para la familia &#8230;. Todo lo que deseo<\/p>\n","protected":false},"author":1,"featured_media":0,"parent":0,"menu_order":0,"comment_status":"closed","ping_status":"closed","template":"page-templates\/template-full-width.php","meta":{"footnotes":""},"class_list":["post-17","page","type-page","status-publish","hentry"],"_links":{"self":[{"href":"https:\/\/www.hotelenlacerdanya.com\/es\/wp-json\/wp\/v2\/pages\/17","targetHints":{"allow":["GET"]}}],"collection":[{"href":"https:\/\/www.hotelenlacerdanya.com\/es\/wp-json\/wp\/v2\/pages"}],"about":[{"href":"https:\/\/www.hotelenlacerdanya.com\/es\/wp-json\/wp\/v2\/types\/page"}],"author":[{"embeddable":true,"href":"https:\/\/www.hotelenlacerdanya.com\/es\/wp-json\/wp\/v2\/users\/1"}],"replies":[{"embeddable":true,"href":"https:\/\/www.hotelenlacerdanya.com\/es\/wp-json\/wp\/v2\/comments?post=17"}],"version-history":[{"count":70,"href":"https:\/\/www.hotelenlacerdanya.com\/es\/wp-json\/wp\/v2\/pages\/17\/revisions"}],"predecessor-version":[{"id":213,"href":"https:\/\/www.hotelenlacerdanya.com\/es\/wp-json\/wp\/v2\/pages\/17\/revisions\/213"}],"wp:attachment":[{"href":"https:\/\/www.hotelenlacerdanya.com\/es\/wp-json\/wp\/v2\/media?parent=17"}],"curies":[{"name":"wp","href":"https:\/\/api.w.org\/{rel}","templated":true}]}}