{"id":1328,"date":"2014-05-21T07:28:39","date_gmt":"2014-05-21T07:28:39","guid":{"rendered":"https:\/\/www.hotelenlacerdanya.com\/la-cerdanya-2\/"},"modified":"2019-11-11T16:22:13","modified_gmt":"2019-11-11T16:22:13","slug":"la-cerdanya","status":"publish","type":"page","link":"https:\/\/www.hotelenlacerdanya.com\/en\/la-cerdanya\/","title":{"rendered":"La Cerdanya"},"content":{"rendered":"<div class=\"wpb-content-wrapper\">[vc_row][vc_column width=&#8221;1\/3&#8243;][vc_single_image image=&#8221;767&#8243; img_size=&#8221;320&#215;240&#8243; el_class=&#8221;ih-item square&#8221;][\/vc_column][vc_column width=&#8221;1\/3&#8243;][vc_single_image image=&#8221;773&#8243; img_size=&#8221;320&#215;240&#8243; el_class=&#8221;ih-item square&#8221;][\/vc_column][vc_column width=&#8221;1\/3&#8243;][vc_single_image image=&#8221;781&#8243; img_size=&#8221;320&#215;240&#8243; el_class=&#8221;ih-item square&#8221;][\/vc_column][\/vc_row][vc_row][vc_column][vc_text_separator title=&#8221;La comarca de la Cerdanya&#8221;][\/vc_column][\/vc_row][vc_row][vc_column width=&#8221;1\/2&#8243;][vc_column_text css_animation=&#8221;left-to-right&#8221;]\n<p style=\"text-align: justify;\">Natural border between France and Spain, the Pyrenees are a true gift of nature. And the Catalan region of La Cerdanya is a privileged starting point from which to explore the valleys and mountains that make up this geographical spectacle.<\/p>\n<p style=\"text-align: center;\"><img loading=\"lazy\" decoding=\"async\" class=\"wp-image-767 aligncenter ih-item square\" src=\"https:\/\/www.hotelenlacerdanya.com\/wp-content\/uploads\/2014\/05\/paisajes-fondamatia-01.jpg\" alt=\"paisajes-fondamatia-01\" width=\"468\" height=\"351\" \/><\/p>\n<p>Integrated almost entirely in the Segre Valley, La Cerdanya offers many alternatives to visitors. In addition, the charm of the hotels in Cerdanya will make our holidays unique and unforgettable.<\/p>\n<p>La Cerdanya has good connections from Barcelona, ??Girona, Lleida and other smaller towns by road.<\/p>\n<p>Adventure sports are one of the main attractions of La Cerdanya. Here you can practice treeking, canyoning, archery, hang gliding, rafting, cross-country skiing, alpine skiing, climbing &#8230;<\/p>\n<p>Even so, this is not all, since there is also a wide offer aimed at those who are more attracted to traditional sports and do not look for strong emotions. We talk about hiking, horse riding, mountain biking, hunting, fishing, pint ball and even balloon trips. With the practice of any of these sports activities we can discover ourselves, explore new sensations and feel in shape.<\/p>\n<p>go to nosaltres mateixos, explore noves sensacions and feel-us in shape.[\/vc_column_text][\/vc_column][vc_column width=&#8221;1\/2&#8243;][vc_column_text css_animation=&#8221;right-to-left&#8221;]In this line you can also make excursions to different locations near the hotels in Cerdanya. Among the most famous are the Lakes of the Bullosa, Gorges del Caran\u00e7\u00e1, the sources of the Segre and the Lake of La Naguille and Diente de Orl\u00fa.<\/p>\n<p>Gastronomy is another of its strengths. Although most of the hotels in the Cerdanya have food service, it is advisable to explore the gastronomic singularities of this region, getting lost in the traditional and authentic flavors that the oldest restaurants in the area have managed to preserve despite the passage of time. Highlights include the variety of breads (which can be accompanied by an exquisite ali oli sauce), cheeses (goat and sheep) and pork products such as sausage or sausage. All these typical dishes will undoubtedly surprise the most exquisite palates.<\/p>\n<p style=\"text-align: center;\"><img loading=\"lazy\" decoding=\"async\" class=\"wp-image-701 ih-item square aligncenter\" style=\"margin-bottom: 50px ! important;\" src=\"https:\/\/www.hotelenlacerdanya.com\/wp-content\/uploads\/2014\/05\/carta-restaurante-fondamatia-18.jpg\" alt=\"carta-restaurante-fondamatia-18\" width=\"452\" height=\"335\" \/><\/p>\n<p style=\"text-align: justify;\">To start enjoying a magnificent vacation in a privileged place, look among the hotels in the Cerdanya that best suits your preferences. The rural environment in which they are located makes the deal with customers always close and friendly so you will feel comfortable at all times. The quality of the hotels in Cerdanya and the varied sport and gastronomic offer will make your holidays in this place unforgettable.<\/p>\n[\/vc_column_text][\/vc_column][\/vc_row]\n<\/div>","protected":false},"excerpt":{"rendered":"<p>[vc_row][vc_column width=&#8221;1\/3&#8243;][vc_single_image image=&#8221;767&#8243; img_size=&#8221;320&#215;240&#8243; el_class=&#8221;ih-item square&#8221;][\/vc_column][vc_column width=&#8221;1\/3&#8243;][vc_single_image image=&#8221;773&#8243; img_size=&#8221;320&#215;240&#8243; el_class=&#8221;ih-item square&#8221;][\/vc_column][vc_column width=&#8221;1\/3&#8243;][vc_single_image image=&#8221;781&#8243; img_size=&#8221;320&#215;240&#8243; el_class=&#8221;ih-item square&#8221;][\/vc_column][\/vc_row][vc_row][vc_column][vc_text_separator title=&#8221;La comarca de la Cerdanya&#8221;][\/vc_column][\/vc_row][vc_row][vc_column width=&#8221;1\/2&#8243;][vc_column_text css_animation=&#8221;left-to-right&#8221;] Natural border between France and Spain, the Pyrenees are a true gift of nature. And the Catalan region of La Cerdanya is a privileged starting point from which to explore the valleys<\/p>\n","protected":false},"author":1,"featured_media":0,"parent":0,"menu_order":0,"comment_status":"closed","ping_status":"closed","template":"page-templates\/template-full-width.php","meta":{"footnotes":""},"class_list":["post-1328","page","type-page","status-publish","hentry"],"_links":{"self":[{"href":"https:\/\/www.hotelenlacerdanya.com\/en\/wp-json\/wp\/v2\/pages\/1328","targetHints":{"allow":["GET"]}}],"collection":[{"href":"https:\/\/www.hotelenlacerdanya.com\/en\/wp-json\/wp\/v2\/pages"}],"about":[{"href":"https:\/\/www.hotelenlacerdanya.com\/en\/wp-json\/wp\/v2\/types\/page"}],"author":[{"embeddable":true,"href":"https:\/\/www.hotelenlacerdanya.com\/en\/wp-json\/wp\/v2\/users\/1"}],"replies":[{"embeddable":true,"href":"https:\/\/www.hotelenlacerdanya.com\/en\/wp-json\/wp\/v2\/comments?post=1328"}],"version-history":[{"count":12,"href":"https:\/\/www.hotelenlacerdanya.com\/en\/wp-json\/wp\/v2\/pages\/1328\/revisions"}],"predecessor-version":[{"id":2887,"href":"https:\/\/www.hotelenlacerdanya.com\/en\/wp-json\/wp\/v2\/pages\/1328\/revisions\/2887"}],"wp:attachment":[{"href":"https:\/\/www.hotelenlacerdanya.com\/en\/wp-json\/wp\/v2\/media?parent=1328"}],"curies":[{"name":"wp","href":"https:\/\/api.w.org\/{rel}","templated":true}]}}