{"id":1198,"date":"2014-02-27T08:57:04","date_gmt":"2014-02-27T08:57:04","guid":{"rendered":"https:\/\/www.hotelenlacerdanya.com\/contacto-2\/"},"modified":"2019-11-11T16:20:04","modified_gmt":"2019-11-11T16:20:04","slug":"contact","status":"publish","type":"page","link":"https:\/\/www.hotelenlacerdanya.com\/en\/contact\/","title":{"rendered":"Contact"},"content":{"rendered":"<div class=\"wpb-content-wrapper\">[vc_row][vc_column width=&#8221;1\/2&#8243;][vc_column_text]Postal address:<br \/>\nCrta. De Puigcerd\u00e0 N260, Km 198 Carrer Codina s\/n<br \/>\n25720 Bellver de Cerdanya<\/p>\n<p>Tel: (0034)973 510 039 o (0034)973 511 110<\/p>\n<p>Email:\u00a0<a href=\"mailto:fondamatia.lamuga@gmail.com\">fondamatia.lamuga@gmail.com<\/a>[\/vc_column_text]\n<div class=\"wpcf7 no-js\" id=\"wpcf7-f4813-o1\" lang=\"es-ES\" dir=\"ltr\" data-wpcf7-id=\"4813\">\n<div class=\"screen-reader-response\"><p role=\"status\" aria-live=\"polite\" aria-atomic=\"true\"><\/p> <ul><\/ul><\/div>\n<form action=\"\/en\/wp-json\/wp\/v2\/pages\/1198#wpcf7-f4813-o1\" method=\"post\" class=\"wpcf7-form init\" aria-label=\"Formulario de contacto\" novalidate=\"novalidate\" data-status=\"init\">\n<fieldset class=\"hidden-fields-container\"><input type=\"hidden\" name=\"_wpcf7\" value=\"4813\" \/><input type=\"hidden\" name=\"_wpcf7_version\" value=\"6.1.5\" \/><input type=\"hidden\" name=\"_wpcf7_locale\" value=\"es_ES\" \/><input type=\"hidden\" name=\"_wpcf7_unit_tag\" value=\"wpcf7-f4813-o1\" \/><input type=\"hidden\" name=\"_wpcf7_container_post\" value=\"0\" \/><input type=\"hidden\" name=\"_wpcf7_posted_data_hash\" value=\"\" \/><input type=\"hidden\" name=\"_wpcf7_recaptcha_response\" value=\"\" \/>\n<\/fieldset>\n<p><label> First and last name (obligatori)<br \/>\n<span class=\"wpcf7-form-control-wrap\" data-name=\"your-name\"><input size=\"40\" maxlength=\"400\" class=\"wpcf7-form-control wpcf7-text wpcf7-validates-as-required\" aria-required=\"true\" aria-invalid=\"false\" value=\"\" type=\"text\" name=\"your-name\" \/><\/span> <\/label>\n<\/p>\n<p><label> Telephone<br \/>\n<span class=\"wpcf7-form-control-wrap\" data-name=\"your-phone\"><input size=\"40\" maxlength=\"400\" class=\"wpcf7-form-control wpcf7-text\" aria-invalid=\"false\" value=\"\" type=\"text\" name=\"your-phone\" \/><\/span> <\/label>\n<\/p>\n<p><label> Email (obligatori)<br \/>\n<span class=\"wpcf7-form-control-wrap\" data-name=\"your-email\"><input size=\"40\" maxlength=\"400\" class=\"wpcf7-form-control wpcf7-email wpcf7-validates-as-required wpcf7-text wpcf7-validates-as-email\" aria-required=\"true\" aria-invalid=\"false\" value=\"\" type=\"email\" name=\"your-email\" \/><\/span> <\/label>\n<\/p>\n<p><label>Subject of the inquiry or request<br \/>\n<span class=\"wpcf7-form-control-wrap\" data-name=\"your-subject\"><input size=\"40\" maxlength=\"400\" class=\"wpcf7-form-control wpcf7-text\" aria-invalid=\"false\" value=\"\" type=\"text\" name=\"your-subject\" \/><\/span> <\/label>\n<\/p>\n<p><label> Your message<br \/>\n<span class=\"wpcf7-form-control-wrap\" data-name=\"your-message\"><textarea cols=\"40\" rows=\"10\" maxlength=\"2000\" class=\"wpcf7-form-control wpcf7-textarea\" aria-invalid=\"false\" name=\"your-message\"><\/textarea><\/span> <\/label><br \/>\n\n<\/p>\n<p><label><span class=\"wpcf7-form-control-wrap\" data-name=\"acceptance-279\"><span class=\"wpcf7-form-control wpcf7-acceptance\"><span class=\"wpcf7-list-item\"><input type=\"checkbox\" name=\"acceptance-279\" value=\"1\" aria-invalid=\"false\" \/><\/span><\/span><\/span>I accept the <a href=\"\/privacy-policy\/?lang=en\">privacy policy<\/a><\/label>\n<\/p>\n<table style=\"font-size:10px\">\n\t<tbody>\n\t\t<tr>\n\t\t\t<td style=\"width: 591px;\" colspan=\"2\">\n\t\t\t\t<p><strong>Informaci\u00f3n b\u00e1sica sobre Protecci\u00f3n de datos (in spanish)<\/strong>\n\t\t\t\t<\/p>\n\t\t\t<\/td>\n\t\t<\/tr>\n\t\t<tr>\n\t\t\t<td style=\"width: 181px;\">\n\t\t\t\t<p><strong>Responsable:<\/strong>\n\t\t\t\t<\/p>\n\t\t\t<\/td>\n\t\t\t<td style=\"width: 404px;\">\n\t\t\t\t<p>LA MUGA SCP\n\t\t\t\t<\/p>\n\t\t\t<\/td>\n\t\t<\/tr>\n\t\t<tr>\n\t\t\t<td style=\"width: 181px;\">\n\t\t\t\t<p><strong>Finalidad:<\/strong>\n\t\t\t\t<\/p>\n\t\t\t<\/td>\n\t\t\t<td style=\"width: 404px;\">\n\t\t\t\t<p>Atender su solicitud y enviarle comunicaciones comerciales.\n\t\t\t\t<\/p>\n\t\t\t<\/td>\n\t\t<\/tr>\n\t\t<tr>\n\t\t\t<td style=\"width: 181px;\">\n\t\t\t\t<p><strong>Legitimaci\u00f3n:<\/strong>\n\t\t\t\t<\/p>\n\t\t\t<\/td>\n\t\t\t<td style=\"width: 404px;\">\n\t\t\t\t<p>Consentimiento del interesado.\n\t\t\t\t<\/p>\n\t\t\t<\/td>\n\t\t<\/tr>\n\t\t<tr>\n\t\t\t<td style=\"width: 181px;\">\n\t\t\t\t<p><strong>Destinatarios:<\/strong>\n\t\t\t\t<\/p>\n\t\t\t<\/td>\n\t\t\t<td style=\"width: 404px;\">\n\t\t\t\t<p>No se ceder\u00e1n datos a terceros, salvo obligaci\u00f3n legal.Est\u00e1n previstas transferencias a terceros pa\u00edses.\n\t\t\t\t<\/p>\n\t\t\t<\/td>\n\t\t<\/tr>\n\t\t<tr>\n\t\t\t<td style=\"width: 181px;\">\n\t\t\t\t<p><strong>Derechos:<\/strong>\n\t\t\t\t<\/p>\n\t\t\t<\/td>\n\t\t\t<td style=\"width: 404px;\">\n\t\t\t\t<p>Tiene derecho a acceder, rectificar y suprimir los datos, as\u00ed como otros derechos, indicados en la informaci\u00f3n adicional, que puede ejercer dirigi\u00e9ndose al responsable del tratamiento.\n\t\t\t\t<\/p>\n\t\t\t<\/td>\n\t\t<\/tr>\n\t\t<tr>\n\t\t\t<td style=\"width: 181px;\">\n\t\t\t\t<p><strong>Procedencia:<\/strong>\n\t\t\t\t<\/p>\n\t\t\t<\/td>\n\t\t\t<td style=\"width: 404px;\">\n\t\t\t\t<p>Del propio interesado.\n\t\t\t\t<\/p>\n\t\t\t<\/td>\n\t\t<\/tr>\n\t\t<tr>\n\t\t\t<td style=\"width: 181px;\">\n\t\t\t\t<p><strong>Informaci\u00f3n adicional:<\/strong>\n\t\t\t\t<\/p>\n\t\t\t<\/td>\n\t\t\t<td style=\"width: 404px;\">\n\t\t\t\t<p>Puede consultar informaci\u00f3n adicional y detallada sobre Protecci\u00f3n de Datos aqu\u00ed: url de la entidad\n\t\t\t\t<\/p>\n\t\t\t<\/td>\n\t\t<\/tr>\n\t<\/tbody>\n<\/table>\n<p style=\"font-size:10px\"><br \/>\nLa Muga, SCP, as a company responsible for the processing of data and in accordance with Regulation (EU) 2016\/679 General of Data Protection (GDPR), has adopted the security measures and levels of protection of the data required . The data collected through the form or the email addresses available on the website will be processed in order to complete your request for consultation and send you commercial information that may be of interest to you (and only the time that it is require this commercial contact), by any means and in any support, including electronic media, about our products and promotions.\n<\/p>\n<p style=\"font-size:10px\"><br \/>\nYou can exercise your rights of access, rectification, cancellation and opposition by means of written communication sent to the following postal address: Crta. From Puigcerd\u00e0 N260, Km 198 Carrer Codina s\/n 25720 Bellver de Cerdanya, or send an email to <a href=\"fondamatia.lamuga@gmail.com\">fondamatia.lamuga@gmail.com<\/a>\n<\/p>\n<p><input class=\"wpcf7-form-control wpcf7-submit has-spinner\" type=\"submit\" value=\"Send message\" \/>\n<\/p><p style=\"display: none !important;\" class=\"akismet-fields-container\" data-prefix=\"_wpcf7_ak_\"><label>&#916;<textarea name=\"_wpcf7_ak_hp_textarea\" cols=\"45\" rows=\"8\" maxlength=\"100\"><\/textarea><\/label><input type=\"hidden\" id=\"ak_js_1\" name=\"_wpcf7_ak_js\" value=\"221\"\/><script type=\"text\/javascript\">\n\/* <![CDATA[ *\/\ndocument.getElementById( \"ak_js_1\" ).setAttribute( \"value\", ( new Date() ).getTime() );\n\/* ]]> *\/\n<\/script>\n<\/p><div class=\"wpcf7-response-output\" aria-hidden=\"true\"><\/div>\n<\/form>\n<\/div>\n[\/vc_column][vc_column width=&#8221;1\/2&#8243;][vc_gmaps link=&#8221;#E-8_JTNDaWZyYW1lJTIwc3JjJTNEJTIyaHR0cHMlM0ElMkYlMkZ3d3cuZ29vZ2xlLmNvbSUyRm1hcHMlMkZlbWJlZCUzRnBiJTNEJTIxMW0xNiUyMTFtMTIlMjExbTMlMjExZDExNzkwLjQ0MjMwMjg2Mzc2NSUyMTJkMS43NTU4MDAwNjgzMDIwMzMyJTIxM2Q0Mi4zNzIxMzc4NDkzNjMxJTIxMm0zJTIxMWYwJTIxMmYwJTIxM2YwJTIxM20yJTIxMWkxMDI0JTIxMmk3NjglMjE0ZjEzLjElMjEybTElMjExc2ZvbmRhJTJCbGElMkJtdWdhJTIxNWUwJTIxM20yJTIxMXNlcyUyMTJzZXMlMjE0djE1MzE4MDc4ODU3MDklMjIlMjB3aWR0aCUzRCUyMjYwMCUyMiUyMGhlaWdodCUzRCUyMjQ1MCUyMiUyMGZyYW1lYm9yZGVyJTNEJTIyMCUyMiUyMHN0eWxlJTNEJTIyYm9yZGVyJTNBMCUyMiUyMGFsbG93ZnVsbHNjcmVlbiUzRSUzQyUyRmlmcmFtZSUzRQ==&#8221;][\/vc_column][\/vc_row]\n<\/div>","protected":false},"excerpt":{"rendered":"<p>[vc_row][vc_column width=&#8221;1\/2&#8243;][vc_column_text]Postal address: Crta. De Puigcerd\u00e0 N260, Km 198 Carrer Codina s\/n 25720 Bellver de Cerdanya Tel: (0034)973 510 039 o (0034)973 511 110 Email:\u00a0fondamatia.lamuga@gmail.com[\/vc_column_text][\/vc_column][vc_column width=&#8221;1\/2&#8243;][vc_gmaps link=&#8221;#E-8_JTNDaWZyYW1lJTIwc3JjJTNEJTIyaHR0cHMlM0ElMkYlMkZ3d3cuZ29vZ2xlLmNvbSUyRm1hcHMlMkZlbWJlZCUzRnBiJTNEJTIxMW0xNiUyMTFtMTIlMjExbTMlMjExZDExNzkwLjQ0MjMwMjg2Mzc2NSUyMTJkMS43NTU4MDAwNjgzMDIwMzMyJTIxM2Q0Mi4zNzIxMzc4NDkzNjMxJTIxMm0zJTIxMWYwJTIxMmYwJTIxM2YwJTIxM20yJTIxMWkxMDI0JTIxMmk3NjglMjE0ZjEzLjElMjEybTElMjExc2ZvbmRhJTJCbGElMkJtdWdhJTIxNWUwJTIxM20yJTIxMXNlcyUyMTJzZXMlMjE0djE1MzE4MDc4ODU3MDklMjIlMjB3aWR0aCUzRCUyMjYwMCUyMiUyMGhlaWdodCUzRCUyMjQ1MCUyMiUyMGZyYW1lYm9yZGVyJTNEJTIyMCUyMiUyMHN0eWxlJTNEJTIyYm9yZGVyJTNBMCUyMiUyMGFsbG93ZnVsbHNjcmVlbiUzRSUzQyUyRmlmcmFtZSUzRQ==&#8221;][\/vc_column][\/vc_row]<\/p>\n","protected":false},"author":1,"featured_media":0,"parent":0,"menu_order":0,"comment_status":"closed","ping_status":"closed","template":"page-templates\/template-full-width.php","meta":{"footnotes":""},"class_list":["post-1198","page","type-page","status-publish","hentry"],"_links":{"self":[{"href":"https:\/\/www.hotelenlacerdanya.com\/en\/wp-json\/wp\/v2\/pages\/1198","targetHints":{"allow":["GET"]}}],"collection":[{"href":"https:\/\/www.hotelenlacerdanya.com\/en\/wp-json\/wp\/v2\/pages"}],"about":[{"href":"https:\/\/www.hotelenlacerdanya.com\/en\/wp-json\/wp\/v2\/types\/page"}],"author":[{"embeddable":true,"href":"https:\/\/www.hotelenlacerdanya.com\/en\/wp-json\/wp\/v2\/users\/1"}],"replies":[{"embeddable":true,"href":"https:\/\/www.hotelenlacerdanya.com\/en\/wp-json\/wp\/v2\/comments?post=1198"}],"version-history":[{"count":17,"href":"https:\/\/www.hotelenlacerdanya.com\/en\/wp-json\/wp\/v2\/pages\/1198\/revisions"}],"predecessor-version":[{"id":4817,"href":"https:\/\/www.hotelenlacerdanya.com\/en\/wp-json\/wp\/v2\/pages\/1198\/revisions\/4817"}],"wp:attachment":[{"href":"https:\/\/www.hotelenlacerdanya.com\/en\/wp-json\/wp\/v2\/media?parent=1198"}],"curies":[{"name":"wp","href":"https:\/\/api.w.org\/{rel}","templated":true}]}}