{"id":2878,"date":"2014-05-21T07:28:39","date_gmt":"2014-05-21T07:28:39","guid":{"rendered":"https:\/\/www.hotelenlacerdanya.com\/la-cerdanya\/?lang=ca"},"modified":"2017-11-28T19:39:55","modified_gmt":"2017-11-28T19:39:55","slug":"la-cerdanya","status":"publish","type":"page","link":"https:\/\/www.hotelenlacerdanya.com\/ca\/la-cerdanya\/","title":{"rendered":"La Cerdanya"},"content":{"rendered":"<div class=\"wpb-content-wrapper\">[vc_row][vc_column width=&#8221;1\/3&#8243;][vc_single_image image=&#8221;767&#8243; img_size=&#8221;320&#215;240&#8243; el_class=&#8221;ih-item square&#8221;][\/vc_column][vc_column width=&#8221;1\/3&#8243;][vc_single_image image=&#8221;773&#8243; img_size=&#8221;320&#215;240&#8243; el_class=&#8221;ih-item square&#8221;][\/vc_column][vc_column width=&#8221;1\/3&#8243;][vc_single_image image=&#8221;781&#8243; img_size=&#8221;320&#215;240&#8243; el_class=&#8221;ih-item square&#8221;][\/vc_column][\/vc_row][vc_row][vc_column][vc_text_separator title=&#8221;La comarca de la Cerdanya&#8221;][\/vc_column][\/vc_row][vc_row][vc_column width=&#8221;1\/2&#8243;][vc_column_text css_animation=&#8221;left-to-right&#8221;]\n<p style=\"text-align: justify;\">Frontera natural entre Fran\u00e7a i Espanya, els Pirineus s\u00f3n un aut\u00e8ntic regal de la natura. I la comarca de la Cerdanya \u00e9s un punt de partida privilegiat des del qual poder explorar les valls i muntanyes que conformen aquest espectacle geogr\u00e0fic.<\/p>\n<p style=\"text-align: center;\"><img loading=\"lazy\" decoding=\"async\" class=\"wp-image-767 aligncenter ih-item square\" src=\"https:\/\/www.hotelenlacerdanya.com\/wp-content\/uploads\/2014\/05\/paisajes-fondamatia-01.jpg\" alt=\"paisajes-fondamatia-01\" width=\"468\" height=\"351\" \/><\/p>\n<p>Integrada gaireb\u00e9 \u00edntegrament a la Vall del Segre, la Cerdanya ofereix m\u00faltiples alternatives als visitants. A m\u00e9s, l&#8217;encant dels hotels a la Cerdanya faran que les nostres vacances siguin \u00faniques i inoblidables.<\/p>\n<p>La Cerdanya compta amb bones connexions des de Barcelona, Girona, Lleida i altres localitats m\u00e9s petites a trav\u00e9s de carretera.<\/p>\n<p>Els esports d&#8217;aventura s\u00f3n un dels principals reclams de la Cerdanya. Aqu\u00ed es pot practicar treeking, barranquisme, tir amb arc, ala delta, r\u00e0fting, esqu\u00ed de fons, esqu\u00ed alp\u00ed, escalada &#8230;<\/p>\n<p style=\"text-align: justify;\">Tot i aix\u00ed, aix\u00f2 no \u00e9s tot, ja que tamb\u00e9 hi ha una \u00e0mplia oferta dirigida a aquells que se senten m\u00e9s atrets per l&#8217;esport tradicional i no busquen emocions fortes. Parlem de senderisme, h\u00edpica, excursions amb bicicleta de muntanya, ca\u00e7a, pesca, pint ball i fins a viatges en globus. Amb la pr\u00e0ctica de qualsevol d&#8217;aquestes activitats esportives podrem descobrir-nos a nosaltres mateixos, explorar noves sensacions i sentir-nos en forma.<\/p>\n[\/vc_column_text][\/vc_column][vc_column width=&#8221;1\/2&#8243;][vc_column_text css_animation=&#8221;right-to-left&#8221;]En aquesta l\u00ednia tamb\u00e9 es poden fer excursions a diferents localitzacions properes als hotels a la Cerdanya. Entre les m\u00e9s famoses estan els Llacs de la Bullosa, Gorges del Caran\u00e7\u00e0, les fonts del Segre i el Llac de La Naguille i Dent d&#8217;Orl\u00fa.<\/p>\n<p>La gastronomia \u00e9s un altre dels seus punts forts. Encara que la majoria dels hotels a la Cerdanya compten amb servei de menjars, \u00e9s recomanable explorar les singularitats gastron\u00f2miques d&#8217;aquesta regi\u00f3, perdent-se en els sabors tradicionals i aut\u00e8ntics que els restaurants m\u00e9s antics de la zona han sabut preservar malgrat el pas dels anys. Destaquen la varietat de pans (que es poden acompanyar d&#8217;una exquisida salsa allioli), formatges (de cabra i ovella) i productes derivats del porc com la llonganissa o la botifarra. Tots aquests plats t\u00edpics sorprendran sens dubte als paladars m\u00e9s exquisits.<\/p>\n<p style=\"text-align: center;\"><img loading=\"lazy\" decoding=\"async\" class=\"wp-image-701 ih-item square aligncenter\" style=\"margin-bottom: 50px ! important;\" src=\"https:\/\/www.hotelenlacerdanya.com\/wp-content\/uploads\/2014\/05\/carta-restaurante-fondamatia-18.jpg\" alt=\"carta-restaurante-fondamatia-18\" width=\"452\" height=\"335\" \/><\/p>\n<p style=\"text-align: justify;\">Per comen\u00e7ar a gaudir d&#8217;unes magn\u00edfiques vacances en un lloc privilegiat, busqui entre els hotels a la Cerdanya el que millor s&#8217;adapti a les seves prefer\u00e8ncies. L&#8217;entorn rural en el qual estan situats fa que el tracte amb els clients sigui sempre proper i amigable pel que es sentir\u00e0 c\u00f2mode en tot moment. La qualitat dels hotels a la Cerdanya i la variada oferta esportiva i gastron\u00f2mica faran que les seves vacances en aquest lloc siguin inoblidables.<\/p>\n[\/vc_column_text][\/vc_column][\/vc_row]\n<\/div>","protected":false},"excerpt":{"rendered":"<p>[vc_row][vc_column width=&#8221;1\/3&#8243;][vc_single_image image=&#8221;767&#8243; img_size=&#8221;320&#215;240&#8243; el_class=&#8221;ih-item square&#8221;][\/vc_column][vc_column width=&#8221;1\/3&#8243;][vc_single_image image=&#8221;773&#8243; img_size=&#8221;320&#215;240&#8243; el_class=&#8221;ih-item square&#8221;][\/vc_column][vc_column width=&#8221;1\/3&#8243;][vc_single_image image=&#8221;781&#8243; img_size=&#8221;320&#215;240&#8243; el_class=&#8221;ih-item square&#8221;][\/vc_column][\/vc_row][vc_row][vc_column][vc_text_separator title=&#8221;La comarca de la Cerdanya&#8221;][\/vc_column][\/vc_row][vc_row][vc_column width=&#8221;1\/2&#8243;][vc_column_text css_animation=&#8221;left-to-right&#8221;] Frontera natural entre Fran\u00e7a i Espanya, els Pirineus s\u00f3n un aut\u00e8ntic regal de la natura. I la comarca de la Cerdanya \u00e9s un punt de partida privilegiat des del qual poder explorar<\/p>\n","protected":false},"author":1,"featured_media":0,"parent":0,"menu_order":0,"comment_status":"closed","ping_status":"closed","template":"page-templates\/template-full-width.php","meta":{"footnotes":""},"class_list":["post-2878","page","type-page","status-publish","hentry"],"_links":{"self":[{"href":"https:\/\/www.hotelenlacerdanya.com\/ca\/wp-json\/wp\/v2\/pages\/2878","targetHints":{"allow":["GET"]}}],"collection":[{"href":"https:\/\/www.hotelenlacerdanya.com\/ca\/wp-json\/wp\/v2\/pages"}],"about":[{"href":"https:\/\/www.hotelenlacerdanya.com\/ca\/wp-json\/wp\/v2\/types\/page"}],"author":[{"embeddable":true,"href":"https:\/\/www.hotelenlacerdanya.com\/ca\/wp-json\/wp\/v2\/users\/1"}],"replies":[{"embeddable":true,"href":"https:\/\/www.hotelenlacerdanya.com\/ca\/wp-json\/wp\/v2\/comments?post=2878"}],"version-history":[{"count":1,"href":"https:\/\/www.hotelenlacerdanya.com\/ca\/wp-json\/wp\/v2\/pages\/2878\/revisions"}],"predecessor-version":[{"id":2882,"href":"https:\/\/www.hotelenlacerdanya.com\/ca\/wp-json\/wp\/v2\/pages\/2878\/revisions\/2882"}],"wp:attachment":[{"href":"https:\/\/www.hotelenlacerdanya.com\/ca\/wp-json\/wp\/v2\/media?parent=2878"}],"curies":[{"name":"wp","href":"https:\/\/api.w.org\/{rel}","templated":true}]}}