{"id":2869,"date":"2017-11-19T09:33:39","date_gmt":"2017-11-19T09:33:39","guid":{"rendered":"https:\/\/www.hotelenlacerdanya.com\/wi-fi-gratuito\/?lang=ca"},"modified":"2017-11-28T19:07:28","modified_gmt":"2017-11-28T19:07:28","slug":"wi-fi-gratuito","status":"publish","type":"page","link":"https:\/\/www.hotelenlacerdanya.com\/ca\/wi-fi-gratuito\/","title":{"rendered":"Free Wi-Fi"},"content":{"rendered":"<div class=\"wpb-content-wrapper\">[vc_row][vc_column][vc_column_text] El servei gratu\u00eft de WIFI al nostre hotel a Cerdanya us permet connectar-vos a Internet amb el port\u00e0til a la vostra habitaci\u00f3. Igual que a l&#8217;\u00e0rea comuna, podeu continuar gaudint de la vostra connexi\u00f3 a Internet. Per connectar, necessiteu una contrasenya que es proporcionar\u00e0 a la recepci\u00f3, i no haureu de repetir la sessi\u00f3<a href=\"https:\/\/www.hotelenlacerdanya.com\/wp-content\/uploads\/2017\/11\/ICT.jpg\"><img loading=\"lazy\" decoding=\"async\" class=\"wp-image-2811 size-medium alignright\" src=\"https:\/\/www.hotelenlacerdanya.com\/wp-content\/uploads\/2017\/11\/ICT-300x200.jpg\" alt=\"ICT\" width=\"300\" height=\"200\" srcset=\"https:\/\/www.hotelenlacerdanya.com\/wp-content\/uploads\/2017\/11\/ICT-300x200.jpg 300w, https:\/\/www.hotelenlacerdanya.com\/wp-content\/uploads\/2017\/11\/ICT-1024x682.jpg 1024w, https:\/\/www.hotelenlacerdanya.com\/wp-content\/uploads\/2017\/11\/ICT-100x67.jpg 100w, https:\/\/www.hotelenlacerdanya.com\/wp-content\/uploads\/2017\/11\/ICT-330x220.jpg 330w, https:\/\/www.hotelenlacerdanya.com\/wp-content\/uploads\/2017\/11\/ICT-450x300.jpg 450w, https:\/\/www.hotelenlacerdanya.com\/wp-content\/uploads\/2017\/11\/ICT.jpg 2048w\" sizes=\"auto, (max-width: 300px) 100vw, 300px\" \/><\/a><\/p>\n<p>El nostre restaurant i la cafeteria La Muga tamb\u00e9 disposa d&#8217;un servei de connexi\u00f3 a Internet. Pot aconseguir el seu acc\u00e9s sol\u00b7licitant la contrasenya personal de la Muga.[\/vc_column_text][\/vc_column][\/vc_row][vc_row][vc_column][vc_facebook][\/vc_column][\/vc_row]\n<\/div>","protected":false},"excerpt":{"rendered":"<p>[vc_row][vc_column][vc_column_text] El servei gratu\u00eft de WIFI al nostre hotel a Cerdanya us permet connectar-vos a Internet amb el port\u00e0til a la vostra habitaci\u00f3. Igual que a l&#8217;\u00e0rea comuna, podeu continuar gaudint de la vostra connexi\u00f3 a Internet. Per connectar, necessiteu una contrasenya que es proporcionar\u00e0 a la recepci\u00f3, i no haureu de repetir la sessi\u00f3<\/p>\n","protected":false},"author":1,"featured_media":0,"parent":0,"menu_order":0,"comment_status":"closed","ping_status":"closed","template":"page-templates\/template-full-width.php","meta":{"footnotes":""},"class_list":["post-2869","page","type-page","status-publish","hentry"],"_links":{"self":[{"href":"https:\/\/www.hotelenlacerdanya.com\/ca\/wp-json\/wp\/v2\/pages\/2869","targetHints":{"allow":["GET"]}}],"collection":[{"href":"https:\/\/www.hotelenlacerdanya.com\/ca\/wp-json\/wp\/v2\/pages"}],"about":[{"href":"https:\/\/www.hotelenlacerdanya.com\/ca\/wp-json\/wp\/v2\/types\/page"}],"author":[{"embeddable":true,"href":"https:\/\/www.hotelenlacerdanya.com\/ca\/wp-json\/wp\/v2\/users\/1"}],"replies":[{"embeddable":true,"href":"https:\/\/www.hotelenlacerdanya.com\/ca\/wp-json\/wp\/v2\/comments?post=2869"}],"version-history":[{"count":2,"href":"https:\/\/www.hotelenlacerdanya.com\/ca\/wp-json\/wp\/v2\/pages\/2869\/revisions"}],"predecessor-version":[{"id":2874,"href":"https:\/\/www.hotelenlacerdanya.com\/ca\/wp-json\/wp\/v2\/pages\/2869\/revisions\/2874"}],"wp:attachment":[{"href":"https:\/\/www.hotelenlacerdanya.com\/ca\/wp-json\/wp\/v2\/media?parent=2869"}],"curies":[{"name":"wp","href":"https:\/\/api.w.org\/{rel}","templated":true}]}}