{"id":2781,"date":"2017-04-02T19:23:16","date_gmt":"2017-04-02T19:23:16","guid":{"rendered":"https:\/\/www.hotelenlacerdanya.com\/senderismo_en_cerdanya_bellver\/?lang=ca"},"modified":"2017-11-26T19:04:33","modified_gmt":"2017-11-26T19:04:33","slug":"senderismo_en_cerdanya_bellver","status":"publish","type":"page","link":"https:\/\/www.hotelenlacerdanya.com\/ca\/senderismo_en_cerdanya_bellver\/","title":{"rendered":"Senderismo"},"content":{"rendered":"<div class=\"wpb-content-wrapper\">[vc_row][vc_column][vc_column_text]\n<p style=\"color: black; font-family: 'Times New Roman'; font-size: 30px; text-align: justify;\"><span style=\"font-family: 'book antiqua', palatino, serif; font-size: 12pt;\">Gaudeix senderisme amb l&#8217;aire fresc del Pirineu oblidant del m\u00f3n. Els nostres camins et deixen descobrir tota la regi\u00f3. Descobrir\u00e0s paisatges majestuosos, llacs de muntanya i les cascades m\u00e9s impressionants de la zona.<\/span><\/p>\n<p><span style=\"font-size: 12pt; font-family: 'book antiqua', palatino, serif;\"><strong>Ruta de 7 km<\/strong><\/span><\/p>\n<p><span style=\"font-size: 12pt; font-family: 'book antiqua', palatino, serif;\"><strong>Ruta de c\u00f3rrer o de peu 7 km per la muntanya de la Cerdanya sortint des Fonda Matia<\/strong><\/span><\/p>\n<p><iframe loading=\"lazy\" src=\"https:\/\/es.wikiloc.com\/wikiloc\/spatialArtifacts.do?event=setCurrentSpatialArtifact&amp;id=17179233&amp;measures=on&amp;title=off&amp;near=on&amp;images=off&amp;maptype=S\" width=\"740\" height=\"550\" frameborder=\"0\"><\/iframe>[\/vc_column_text][\/vc_column][\/vc_row][vc_row][vc_column][vc_column_text]<span style=\"text-decoration: underline; font-size: 14pt;\"><span style=\"font-family: 'book antiqua', palatino, serif;\"><strong>Ruta de 12 km\u00a0<\/strong><\/span><\/span><\/p>\n<p><span style=\"font-family: 'book antiqua', palatino, serif; font-size: 12pt;\"><strong>Pasa el tiempo fuera andando o en la bicicleta, haz la parada en Bor y prueba los productos artesanos.<\/strong><\/span><\/p>\n<p><span style=\"font-family: 'book antiqua', palatino, serif; font-size: 12pt;\"><strong>Ida: 6 km\u00a0\u00a0\u00a0 Ida y vuelta: 12 km<\/strong><\/span><\/p>\n<p><span style=\"font-family: 'book antiqua', palatino, serif; font-size: 12pt;\"><strong>Como llegar?<\/strong><\/span><\/p>\n<ol>\n<li><span style=\"font-family: 'book antiqua', palatino, serif; font-size: 12pt;\">Fonda Matia<\/span><\/li>\n<li><span style=\"font-family: 'book antiqua', palatino, serif; font-size: 12pt;\">Bellver de Cerdanya<\/span><\/li>\n<li><span style=\"font-family: 'book antiqua', palatino, serif; font-size: 12pt;\">Tallo<\/span><\/li>\n<li><span style=\"font-family: 'book antiqua', palatino, serif; font-size: 12pt;\">Cohorriu de Bellver<\/span><\/li>\n<li><span style=\"font-family: 'book antiqua', palatino, serif; font-size: 12pt;\">Bor<\/span><\/li>\n<\/ol>\n<p>&nbsp;<\/p>\n<p><span style=\"font-family: 'book antiqua', palatino, serif; font-size: 12pt;\">Descripci\u00f3n:<\/span><\/p>\n<p><span style=\"font-family: 'book antiqua', palatino, serif; font-size: 12pt;\">En un ritmo pausado salen del Fonda Matia al pueblo mediaval- Bellver de Cerdanya, siguen a Tallo y al Bor, donde se llega despu\u00e9s de 1,5 horas andando o media hora con la bici (el ritmo suave). All\u00ed estar\u00e1n bienvenidos por el propietario que se ocupa de productos artesanos. Por supuesto, un descanso no se puede perder all\u00ed, donde todos pueden reabastecer la energ\u00eda comiendo los crepes sanos. Despu\u00e9s pueden volver a la Fonda Matia y pasar el tarde con copas de vino relajando en el balc\u00f3n de su habitaci\u00f3n o en el jard\u00edn de nuestra Fonda.<\/span>[\/vc_column_text][vc_btn title=&#8221;Ruta 12 km desde Fonda Matia hasta Bor&#8221; style=&#8221;classic&#8221; color=&#8221;warning&#8221; align=&#8221;left&#8221; link=&#8221;url:http%3A%2F%2Fwww.hotelenlacerdanya.com%2Fciclismo|title:Ruta%20de%2012%20km|target:%20_blank|&#8221;][\/vc_column][\/vc_row]\n<\/div>","protected":false},"excerpt":{"rendered":"<p>[vc_row][vc_column][vc_column_text] Gaudeix senderisme amb l&#8217;aire fresc del Pirineu oblidant del m\u00f3n. Els nostres camins et deixen descobrir tota la regi\u00f3. Descobrir\u00e0s paisatges majestuosos, llacs de muntanya i les cascades m\u00e9s impressionants de la zona. Ruta de 7 km Ruta de c\u00f3rrer o de peu 7 km per la muntanya de la Cerdanya sortint des Fonda<\/p>\n","protected":false},"author":1,"featured_media":0,"parent":0,"menu_order":0,"comment_status":"closed","ping_status":"closed","template":"page-templates\/template-full-width.php","meta":{"footnotes":""},"class_list":["post-2781","page","type-page","status-publish","hentry"],"_links":{"self":[{"href":"https:\/\/www.hotelenlacerdanya.com\/ca\/wp-json\/wp\/v2\/pages\/2781","targetHints":{"allow":["GET"]}}],"collection":[{"href":"https:\/\/www.hotelenlacerdanya.com\/ca\/wp-json\/wp\/v2\/pages"}],"about":[{"href":"https:\/\/www.hotelenlacerdanya.com\/ca\/wp-json\/wp\/v2\/types\/page"}],"author":[{"embeddable":true,"href":"https:\/\/www.hotelenlacerdanya.com\/ca\/wp-json\/wp\/v2\/users\/1"}],"replies":[{"embeddable":true,"href":"https:\/\/www.hotelenlacerdanya.com\/ca\/wp-json\/wp\/v2\/comments?post=2781"}],"version-history":[{"count":2,"href":"https:\/\/www.hotelenlacerdanya.com\/ca\/wp-json\/wp\/v2\/pages\/2781\/revisions"}],"predecessor-version":[{"id":2783,"href":"https:\/\/www.hotelenlacerdanya.com\/ca\/wp-json\/wp\/v2\/pages\/2781\/revisions\/2783"}],"wp:attachment":[{"href":"https:\/\/www.hotelenlacerdanya.com\/ca\/wp-json\/wp\/v2\/media?parent=2781"}],"curies":[{"name":"wp","href":"https:\/\/api.w.org\/{rel}","templated":true}]}}