{"id":2566,"date":"2017-04-04T10:28:00","date_gmt":"2017-04-04T10:28:00","guid":{"rendered":"https:\/\/www.hotelenlacerdanya.com\/ciclismo_cerdanya_bellver_fonda_matia\/"},"modified":"2017-11-09T18:45:36","modified_gmt":"2017-11-09T18:45:36","slug":"ciclismo_cerdanya_bellver_fonda_matia","status":"publish","type":"page","link":"https:\/\/www.hotelenlacerdanya.com\/ca\/ciclismo_cerdanya_bellver_fonda_matia\/","title":{"rendered":"Ciclisme"},"content":{"rendered":"<p style=\"text-align: justify;\"><span style=\"font-family: 'book antiqua', palatino, serif; font-size: 12pt;\">Gaudeix la naturalesa de la Cerdanya amb la teva bicicleta. Aqu\u00ed hi ha de tot i per a tots els gustos. Dep\u00e8n si vols fer llarga dist\u00e0ncia a les carreteres pirineas o busques rutes per arribar a pobles m\u00e9s petits i desconeguts que tenen el seu propi esperit rural i familiar. Si t&#8217;agrada pujar, agafa rutes conegudes o si et ve de gust deixa&#8217;t sorprendre per les carreteres secund\u00e0ries.<\/span><\/p>\n<p><iframe loading=\"lazy\" src=\"https:\/\/www.wikiloc.com\/wikiloc\/view.do?id=17180930&amp;measures=on&amp;title=off&amp;near=on&amp;images=off&amp;maptype=S\" width=\"740\" height=\"550\" frameborder=\"0\"><\/iframe><\/p>\n","protected":false},"excerpt":{"rendered":"<p>Gaudeix la naturalesa de la Cerdanya amb la teva bicicleta. Aqu\u00ed hi ha de tot i per a tots els gustos. Dep\u00e8n si vols fer llarga dist\u00e0ncia a les carreteres pirineas o busques rutes per arribar a pobles m\u00e9s petits i desconeguts que tenen el seu propi esperit rural i familiar. Si t&#8217;agrada pujar, agafa<\/p>\n","protected":false},"author":1,"featured_media":0,"parent":0,"menu_order":0,"comment_status":"closed","ping_status":"closed","template":"page-templates\/template-full-width.php","meta":{"footnotes":""},"class_list":["post-2566","page","type-page","status-publish","hentry"],"_links":{"self":[{"href":"https:\/\/www.hotelenlacerdanya.com\/ca\/wp-json\/wp\/v2\/pages\/2566","targetHints":{"allow":["GET"]}}],"collection":[{"href":"https:\/\/www.hotelenlacerdanya.com\/ca\/wp-json\/wp\/v2\/pages"}],"about":[{"href":"https:\/\/www.hotelenlacerdanya.com\/ca\/wp-json\/wp\/v2\/types\/page"}],"author":[{"embeddable":true,"href":"https:\/\/www.hotelenlacerdanya.com\/ca\/wp-json\/wp\/v2\/users\/1"}],"replies":[{"embeddable":true,"href":"https:\/\/www.hotelenlacerdanya.com\/ca\/wp-json\/wp\/v2\/comments?post=2566"}],"version-history":[{"count":1,"href":"https:\/\/www.hotelenlacerdanya.com\/ca\/wp-json\/wp\/v2\/pages\/2566\/revisions"}],"predecessor-version":[{"id":2571,"href":"https:\/\/www.hotelenlacerdanya.com\/ca\/wp-json\/wp\/v2\/pages\/2566\/revisions\/2571"}],"wp:attachment":[{"href":"https:\/\/www.hotelenlacerdanya.com\/ca\/wp-json\/wp\/v2\/media?parent=2566"}],"curies":[{"name":"wp","href":"https:\/\/api.w.org\/{rel}","templated":true}]}}