{"id":2556,"date":"2014-05-06T12:25:34","date_gmt":"2014-05-06T12:25:34","guid":{"rendered":"https:\/\/www.hotelenlacerdanya.com\/actividades-en-la-cerdanya\/"},"modified":"2017-11-09T18:31:13","modified_gmt":"2017-11-09T18:31:13","slug":"actividades-en-la-cerdanya","status":"publish","type":"page","link":"https:\/\/www.hotelenlacerdanya.com\/ca\/actividades-en-la-cerdanya\/","title":{"rendered":"Animal friendly"},"content":{"rendered":"<div class=\"wpb-content-wrapper\">[vc_row][vc_column width=&#8221;1\/2&#8243;][vc_single_image image=&#8221;1790&#8243; img_size=&#8221;800&#215;554&#8243; alignment=&#8221;center&#8221; css_animation=&#8221;top-to-bottom&#8221;][\/vc_column][vc_column width=&#8221;1\/2&#8243;][vc_column_text css_animation=&#8221;bottom-to-top&#8221; el_class=&#8221;depor-natu&#8221;]Permetem l&#8217;entrada d&#8217;animals! \u00a1Tr\u00e1etelos de vacances amb tu!<br \/>\nA la Fonda Matia oferim les habitacions perqu\u00e8 gaudeixis de tot el que la muntanya amb total llibertat i tranquil\u00b7litat.<br \/>\nPer\u00f2 l&#8217;important aqu\u00ed \u00e9s que a la Fonda Matia animal friendly proporcionant tot el necessari perqu\u00e8 gaudeixis d&#8217;unes meravelloses vacances a la Cerdanya amb la fam\u00edlia o amics, sense oblidar al teu gos, gat o un altre animal dom\u00e8stic.[\/vc_column_text][\/vc_column][\/vc_row]\n<\/div>","protected":false},"excerpt":{"rendered":"<p>[vc_row][vc_column width=&#8221;1\/2&#8243;][vc_single_image image=&#8221;1790&#8243; img_size=&#8221;800&#215;554&#8243; alignment=&#8221;center&#8221; css_animation=&#8221;top-to-bottom&#8221;][\/vc_column][vc_column width=&#8221;1\/2&#8243;][vc_column_text css_animation=&#8221;bottom-to-top&#8221; el_class=&#8221;depor-natu&#8221;]Permetem l&#8217;entrada d&#8217;animals! \u00a1Tr\u00e1etelos de vacances amb tu! A la Fonda Matia oferim les habitacions perqu\u00e8 gaudeixis de tot el que la muntanya amb total llibertat i tranquil\u00b7litat. Per\u00f2 l&#8217;important aqu\u00ed \u00e9s que a la Fonda Matia animal friendly proporcionant tot el necessari perqu\u00e8 gaudeixis d&#8217;unes meravelloses<\/p>\n","protected":false},"author":1,"featured_media":0,"parent":0,"menu_order":0,"comment_status":"closed","ping_status":"closed","template":"page-templates\/template-full-width.php","meta":{"footnotes":""},"class_list":["post-2556","page","type-page","status-publish","hentry"],"_links":{"self":[{"href":"https:\/\/www.hotelenlacerdanya.com\/ca\/wp-json\/wp\/v2\/pages\/2556","targetHints":{"allow":["GET"]}}],"collection":[{"href":"https:\/\/www.hotelenlacerdanya.com\/ca\/wp-json\/wp\/v2\/pages"}],"about":[{"href":"https:\/\/www.hotelenlacerdanya.com\/ca\/wp-json\/wp\/v2\/types\/page"}],"author":[{"embeddable":true,"href":"https:\/\/www.hotelenlacerdanya.com\/ca\/wp-json\/wp\/v2\/users\/1"}],"replies":[{"embeddable":true,"href":"https:\/\/www.hotelenlacerdanya.com\/ca\/wp-json\/wp\/v2\/comments?post=2556"}],"version-history":[{"count":3,"href":"https:\/\/www.hotelenlacerdanya.com\/ca\/wp-json\/wp\/v2\/pages\/2556\/revisions"}],"predecessor-version":[{"id":2560,"href":"https:\/\/www.hotelenlacerdanya.com\/ca\/wp-json\/wp\/v2\/pages\/2556\/revisions\/2560"}],"wp:attachment":[{"href":"https:\/\/www.hotelenlacerdanya.com\/ca\/wp-json\/wp\/v2\/media?parent=2556"}],"curies":[{"name":"wp","href":"https:\/\/api.w.org\/{rel}","templated":true}]}}