{"id":1565,"date":"2014-02-27T08:57:04","date_gmt":"2014-02-27T08:57:04","guid":{"rendered":"https:\/\/www.hotelenlacerdanya.com\/contacto-2\/"},"modified":"2024-06-08T10:47:38","modified_gmt":"2024-06-08T08:47:38","slug":"contacte","status":"publish","type":"page","link":"https:\/\/www.hotelenlacerdanya.com\/ca\/contacte\/","title":{"rendered":"Contacte"},"content":{"rendered":"<div class=\"wpb-content-wrapper\">[vc_row][vc_column width=&#8221;1\/2&#8243;][vc_column_text css=&#8221;&#8221;]Direcci\u00f3:<br \/>\nCrta. De Puigcerd\u00e0 N260, Km 198 Carrer Codina s\/n<br \/>\n25720 Bellver de Cerdanya<\/p>\n<p>Tel: (0034)973 510 039 o (0034)973 511 110<\/p>\n<p>Email: <a href=\"mailto:fondamatia.lamuga@gmail.com\">fondamatia.lamuga@gmail.com<\/a>[\/vc_column_text]\n<div class=\"wpcf7 no-js\" id=\"wpcf7-f4803-o1\" lang=\"es-ES\" dir=\"ltr\" data-wpcf7-id=\"4803\">\n<div class=\"screen-reader-response\"><p role=\"status\" aria-live=\"polite\" aria-atomic=\"true\"><\/p> <ul><\/ul><\/div>\n<form action=\"\/ca\/wp-json\/wp\/v2\/pages\/1565#wpcf7-f4803-o1\" method=\"post\" class=\"wpcf7-form init\" aria-label=\"Formulario de contacto\" novalidate=\"novalidate\" data-status=\"init\">\n<fieldset class=\"hidden-fields-container\"><input type=\"hidden\" name=\"_wpcf7\" value=\"4803\" \/><input type=\"hidden\" name=\"_wpcf7_version\" value=\"6.1.5\" \/><input type=\"hidden\" name=\"_wpcf7_locale\" value=\"es_ES\" \/><input type=\"hidden\" name=\"_wpcf7_unit_tag\" value=\"wpcf7-f4803-o1\" \/><input type=\"hidden\" name=\"_wpcf7_container_post\" value=\"0\" \/><input type=\"hidden\" name=\"_wpcf7_posted_data_hash\" value=\"\" \/><input type=\"hidden\" name=\"_wpcf7_recaptcha_response\" value=\"\" \/>\n<\/fieldset>\n<p><label> Nom i cognoms (obligatori)<br \/>\n<span class=\"wpcf7-form-control-wrap\" data-name=\"your-name\"><input size=\"40\" maxlength=\"400\" class=\"wpcf7-form-control wpcf7-text wpcf7-validates-as-required\" aria-required=\"true\" aria-invalid=\"false\" value=\"\" type=\"text\" name=\"your-name\" \/><\/span> <\/label>\n<\/p>\n<p><label> Tel\u00e8fon<br \/>\n<span class=\"wpcf7-form-control-wrap\" data-name=\"your-phone\"><input size=\"40\" maxlength=\"400\" class=\"wpcf7-form-control wpcf7-text\" aria-invalid=\"false\" value=\"\" type=\"text\" name=\"your-phone\" \/><\/span> <\/label>\n<\/p>\n<p><label> Correu electr\u00f2nic (obligatori)<br \/>\n<span class=\"wpcf7-form-control-wrap\" data-name=\"your-email\"><input size=\"40\" maxlength=\"400\" class=\"wpcf7-form-control wpcf7-email wpcf7-validates-as-required wpcf7-text wpcf7-validates-as-email\" aria-required=\"true\" aria-invalid=\"false\" value=\"\" type=\"email\" name=\"your-email\" \/><\/span> <\/label>\n<\/p>\n<p><label> Assumpte de la consulta o petici\u00f3<br \/>\n<span class=\"wpcf7-form-control-wrap\" data-name=\"your-subject\"><input size=\"40\" maxlength=\"400\" class=\"wpcf7-form-control wpcf7-text\" aria-invalid=\"false\" value=\"\" type=\"text\" name=\"your-subject\" \/><\/span> <\/label>\n<\/p>\n<p><label> El vostre missatge<br \/>\n<span class=\"wpcf7-form-control-wrap\" data-name=\"your-message\"><textarea cols=\"40\" rows=\"10\" maxlength=\"2000\" class=\"wpcf7-form-control wpcf7-textarea\" aria-invalid=\"false\" name=\"your-message\"><\/textarea><\/span> <\/label><br \/>\n\n<\/p>\n<p><label><span class=\"wpcf7-form-control-wrap\" data-name=\"acceptance-279\"><span class=\"wpcf7-form-control wpcf7-acceptance\"><span class=\"wpcf7-list-item\"><input type=\"checkbox\" name=\"acceptance-279\" value=\"1\" aria-invalid=\"false\" \/><\/span><\/span><\/span>Accepto la <a href=\"\/politica-de-privacitat\/?lang=ca\">pol\u00edtica de privacitat<\/a><\/label>\n<\/p>\n<p style=\"font-size:10px\"><br \/>\nLa Muga, S.C.P., com a responsable del tractament de les dades i d'acord amb el Reglament (UE) 2016\/679 General de Protecci\u00f3 de Dades (RGPD), ha adoptat les mesures i nivells de seguretat de protecci\u00f3 de les dades exigides. Les dades recollides a trav\u00e9s del formulari o les adreces de correu electr\u00f2nic disponible a la p\u00e0gina web, seran objecte de tractament per donar curs a la seva petici\u00f3 de consulta i remetre-us informaci\u00f3 comercial que pugui ser del vostre inter\u00e8s (i sols el temps que requereixi aquest contacte comercial), per qualsevol mitj\u00e0 i en qualsevol suport, inclosos els mitjans electr\u00f2nics, sobre els nostres productes i promocions.\n<\/p>\n<table style=\"font-size:10px\">\n\t<tbody>\n\t\t<tr>\n\t\t\t<td colspan=\"2\" width=\"585\">\n\t\t\t\t<p><strong>Informaci\u00f3 b\u00e0sica sobre Protecci\u00f3 de dades<\/strong>\n\t\t\t\t<\/p>\n\t\t\t<\/td>\n\t\t<\/tr>\n\t\t<tr>\n\t\t\t<td width=\"181\">\n\t\t\t\t<p><strong>Responsable:<\/strong>\n\t\t\t\t<\/p>\n\t\t\t<\/td>\n\t\t\t<td width=\"404\">\n\t\t\t\t<p>LA MUGA SCP\n\t\t\t\t<\/p>\n\t\t\t<\/td>\n\t\t<\/tr>\n\t\t<tr>\n\t\t\t<td width=\"181\">\n\t\t\t\t<p><strong>Finalitat:<\/strong>\n\t\t\t\t<\/p>\n\t\t\t<\/td>\n\t\t\t<td width=\"404\">\n\t\t\t\t<p>Atendre la seva sol\u00b7licitud i enviar-li comunicacions comercials.\n\t\t\t\t<\/p>\n\t\t\t<\/td>\n\t\t<\/tr>\n\t\t<tr>\n\t\t\t<td width=\"181\">\n\t\t\t\t<p><strong>Legitimaci\u00f3:<\/strong>\n\t\t\t\t<\/p>\n\t\t\t<\/td>\n\t\t\t<td width=\"404\">\n\t\t\t\t<p>Consentiment de l\u2019interessat.\n\t\t\t\t<\/p>\n\t\t\t<\/td>\n\t\t<\/tr>\n\t\t<tr>\n\t\t\t<td width=\"181\">\n\t\t\t\t<p><strong>Destinataris:<\/strong>\n\t\t\t\t<\/p>\n\t\t\t<\/td>\n\t\t\t<td width=\"404\">\n\t\t\t\t<p>No es cediran dades a tercers, llevat obligaci\u00f3 legal.<br \/>\nEstan previstes transfer\u00e8ncies a tercers pa\u00efsos\n\t\t\t\t<\/p>\n\t\t\t<\/td>\n\t\t<\/tr>\n\t\t<tr>\n\t\t\t<td width=\"181\">\n\t\t\t\t<p><strong>Drets:<\/strong>\n\t\t\t\t<\/p>\n\t\t\t<\/td>\n\t\t\t<td width=\"404\">\n\t\t\t\t<p>T\u00e9 dret a accedir, rectificar i suprimir les dades, aix\u00ed como altres drets, indicats a la informaci\u00f3 addicional, que pot exercir dirigint-se al responsable del tractament.\n\t\t\t\t<\/p>\n\t\t\t<\/td>\n\t\t<\/tr>\n\t\t<tr>\n\t\t\t<td width=\"181\">\n\t\t\t\t<p><strong>Proced\u00e8ncia:<\/strong>\n\t\t\t\t<\/p>\n\t\t\t<\/td>\n\t\t\t<td width=\"404\">\n\t\t\t\t<p>Del propi interessat.\n\t\t\t\t<\/p>\n\t\t\t<\/td>\n\t\t<\/tr>\n\t\t<tr>\n\t\t\t<td width=\"181\">\n\t\t\t\t<p><strong>Informaci\u00f3 addicional:<\/strong>\n\t\t\t\t<\/p>\n\t\t\t<\/td>\n\t\t\t<td width=\"404\">\n\t\t\t\t<p>Pot consultar informaci\u00f3 addicional i detallada sobre Protecci\u00f3 de Dades a la seg\u00fcent url: A la url de l\u2019entitat.\n\t\t\t\t<\/p>\n\t\t\t<\/td>\n\t\t<\/tr>\n\t<\/tbody>\n<\/table>\n<p style=\"font-size:10px\"><br \/>\nPodeu exercir els vostres drets d'acc\u00e9s, rectificaci\u00f3, cancel\u00b7laci\u00f3 i oposici\u00f3 mitjan\u00e7ant comunicaci\u00f3 escrita tramesa a la seg\u00fcent adre\u00e7a postal: Crta. De Puigcerd\u00e0 N260, Km 198 Carrer Codina s\/n 25720 Bellver de Cerdanya, o b\u00e9 enviar un correu electr\u00f2nic a <a href=\"fondamatia.lamuga@gmail.com\">fondamatia.lamuga@gmail.com<\/a>\n<\/p>\n<p><input class=\"wpcf7-form-control wpcf7-submit has-spinner\" type=\"submit\" value=\"Envia la consulta\" \/>\n<\/p><p style=\"display: none !important;\" class=\"akismet-fields-container\" data-prefix=\"_wpcf7_ak_\"><label>&#916;<textarea name=\"_wpcf7_ak_hp_textarea\" cols=\"45\" rows=\"8\" maxlength=\"100\"><\/textarea><\/label><input type=\"hidden\" id=\"ak_js_1\" name=\"_wpcf7_ak_js\" value=\"233\"\/><script type=\"text\/javascript\">\n\/* <![CDATA[ *\/\ndocument.getElementById( \"ak_js_1\" ).setAttribute( \"value\", ( new Date() ).getTime() );\n\/* ]]> *\/\n<\/script>\n<\/p><div class=\"wpcf7-response-output\" aria-hidden=\"true\"><\/div>\n<\/form>\n<\/div>\n[\/vc_column][vc_column width=&#8221;1\/2&#8243;][vc_gmaps link=&#8221;#E-8_JTNDaWZyYW1lJTIwc3JjJTNEJTIyaHR0cHMlM0ElMkYlMkZ3d3cuZ29vZ2xlLmNvbSUyRm1hcHMlMkZlbWJlZCUzRnBiJTNEJTIxMW0xNiUyMTFtMTIlMjExbTMlMjExZDExNzkwLjQ0MjMwMjg2Mzc2NSUyMTJkMS43NTU4MDAwNjgzMDIwMzMyJTIxM2Q0Mi4zNzIxMzc4NDkzNjMxJTIxMm0zJTIxMWYwJTIxMmYwJTIxM2YwJTIxM20yJTIxMWkxMDI0JTIxMmk3NjglMjE0ZjEzLjElMjEybTElMjExc2ZvbmRhJTJCbGElMkJtdWdhJTIxNWUwJTIxM20yJTIxMXNlcyUyMTJzZXMlMjE0djE1MzE4MDc4ODU3MDklMjIlMjB3aWR0aCUzRCUyMjYwMCUyMiUyMGhlaWdodCUzRCUyMjQ1MCUyMiUyMGZyYW1lYm9yZGVyJTNEJTIyMCUyMiUyMHN0eWxlJTNEJTIyYm9yZGVyJTNBMCUyMiUyMGFsbG93ZnVsbHNjcmVlbiUzRSUzQyUyRmlmcmFtZSUzRQ==&#8221; size=&#8221;400&#8243;][\/vc_column][\/vc_row]\n<\/div>","protected":false},"excerpt":{"rendered":"<p>[vc_row][vc_column width=&#8221;1\/2&#8243;][vc_column_text css=&#8221;&#8221;]Direcci\u00f3: Crta. De Puigcerd\u00e0 N260, Km 198 Carrer Codina s\/n 25720 Bellver de Cerdanya Tel: (0034)973 510 039 o (0034)973 511 110 Email: fondamatia.lamuga@gmail.com[\/vc_column_text][\/vc_column][vc_column width=&#8221;1\/2&#8243;][vc_gmaps link=&#8221;#E-8_JTNDaWZyYW1lJTIwc3JjJTNEJTIyaHR0cHMlM0ElMkYlMkZ3d3cuZ29vZ2xlLmNvbSUyRm1hcHMlMkZlbWJlZCUzRnBiJTNEJTIxMW0xNiUyMTFtMTIlMjExbTMlMjExZDExNzkwLjQ0MjMwMjg2Mzc2NSUyMTJkMS43NTU4MDAwNjgzMDIwMzMyJTIxM2Q0Mi4zNzIxMzc4NDkzNjMxJTIxMm0zJTIxMWYwJTIxMmYwJTIxM2YwJTIxM20yJTIxMWkxMDI0JTIxMmk3NjglMjE0ZjEzLjElMjEybTElMjExc2ZvbmRhJTJCbGElMkJtdWdhJTIxNWUwJTIxM20yJTIxMXNlcyUyMTJzZXMlMjE0djE1MzE4MDc4ODU3MDklMjIlMjB3aWR0aCUzRCUyMjYwMCUyMiUyMGhlaWdodCUzRCUyMjQ1MCUyMiUyMGZyYW1lYm9yZGVyJTNEJTIyMCUyMiUyMHN0eWxlJTNEJTIyYm9yZGVyJTNBMCUyMiUyMGFsbG93ZnVsbHNjcmVlbiUzRSUzQyUyRmlmcmFtZSUzRQ==&#8221; size=&#8221;400&#8243;][\/vc_column][\/vc_row]<\/p>\n","protected":false},"author":1,"featured_media":0,"parent":0,"menu_order":0,"comment_status":"closed","ping_status":"closed","template":"page-templates\/template-full-width.php","meta":{"footnotes":""},"class_list":["post-1565","page","type-page","status-publish","hentry"],"_links":{"self":[{"href":"https:\/\/www.hotelenlacerdanya.com\/ca\/wp-json\/wp\/v2\/pages\/1565","targetHints":{"allow":["GET"]}}],"collection":[{"href":"https:\/\/www.hotelenlacerdanya.com\/ca\/wp-json\/wp\/v2\/pages"}],"about":[{"href":"https:\/\/www.hotelenlacerdanya.com\/ca\/wp-json\/wp\/v2\/types\/page"}],"author":[{"embeddable":true,"href":"https:\/\/www.hotelenlacerdanya.com\/ca\/wp-json\/wp\/v2\/users\/1"}],"replies":[{"embeddable":true,"href":"https:\/\/www.hotelenlacerdanya.com\/ca\/wp-json\/wp\/v2\/comments?post=1565"}],"version-history":[{"count":21,"href":"https:\/\/www.hotelenlacerdanya.com\/ca\/wp-json\/wp\/v2\/pages\/1565\/revisions"}],"predecessor-version":[{"id":5889,"href":"https:\/\/www.hotelenlacerdanya.com\/ca\/wp-json\/wp\/v2\/pages\/1565\/revisions\/5889"}],"wp:attachment":[{"href":"https:\/\/www.hotelenlacerdanya.com\/ca\/wp-json\/wp\/v2\/media?parent=1565"}],"curies":[{"name":"wp","href":"https:\/\/api.w.org\/{rel}","templated":true}]}}