{"id":1495,"date":"2014-02-27T08:52:40","date_gmt":"2014-02-27T08:52:40","guid":{"rendered":"https:\/\/www.hotelenlacerdanya.com\/restaurante-lamuga-2\/"},"modified":"2019-11-11T16:05:43","modified_gmt":"2019-11-11T16:05:43","slug":"restaurante-lamuga","status":"publish","type":"page","link":"https:\/\/www.hotelenlacerdanya.com\/ca\/restaurante-lamuga\/","title":{"rendered":"Restaurant La Muga"},"content":{"rendered":"<div class=\"wpb-content-wrapper\">[vc_row][vc_column][vc_column_text]\n<p>I am text block. Click edit button to change this text. Lorem ipsum dolor sit amet, consectetur adipiscing elit. Ut elit tellus, luctus nec ullamcorper mattis, pulvinar dapibus leo.<\/p>\n[\/vc_column_text][\/vc_column][\/vc_row][vc_row][vc_column width=&#8221;1\/2&#8243;][vc_column_text css_animation=&#8221;left-to-right&#8221;]\n<h3 class=\"restaurante\">Restaurant<\/h3>\n<p style=\"text-align: justify;\">La cuina del Restaurant La Muga \u00e9s una cuina tradicional, senzilla, encara que sempre cuidant els seus ingredients i la seva cocci\u00f3 a foc lent, combinat l&#8217;\u00fas de l&#8217;oli d&#8217;oliva i la frescor de les hortalisses, verdures i les carns del nostre pa\u00eds.<\/p>\n<p class=\"aligncenter\" style=\"text-align: center;\"><span style=\"font-size: 6px;\"><img loading=\"lazy\" decoding=\"async\" class=\"wp-image-1636 aligncenter\" src=\"https:\/\/www.hotelenlacerdanya.com\/wp-content\/uploads\/2017\/02\/restaurantefondamatia.jpg\" alt=\"rest_web\" width=\"484\" height=\"272\" \/><\/span><\/p>\n<p>Al nostre restaurant trobareu una variada i \u00e0mplia carta amb plats t\u00edpics de la nostra comarca, com el fam\u00f3s Trinxat de Cerdanya, l&#8217;\u00e0nec amb naps de Talltendre, les peres de Puigcerd\u00e0 al vi.<\/p>\n<p>No podem oblidar les carns fetes a la brasa de carb\u00f3, la escudella \u00abbarrejada&#8221;, les nostres refrescants amanides, l&#8217;\u00e0nec: ja sigui confitat o en foie, el suc\u00f3s civet de senglar, la perdiu en escabetx, els nostres ja famosos peus de porc amb naps.<\/p>\n<p style=\"text-align: center;\"><a href=\"https:\/\/www.hotelenlacerdanya.com\/wp-content\/uploads\/2017\/02\/Comida-la-Muga-2.jpg\"><img loading=\"lazy\" decoding=\"async\" class=\" wp-image-1646 aligncenter\" src=\"https:\/\/www.hotelenlacerdanya.com\/wp-content\/uploads\/2017\/02\/Comida-la-Muga-2.jpg\" alt=\"lamugarestaurante\" width=\"482\" height=\"272\" \/><\/a><\/p>\n<p>I per acabar les nostres postres artesans: la t\u00edpica crema catalana, el mat\u00f3 amb mel, les postres de m\u00fasic, el iogurt casol\u00e0 amb mel i salsa de fruits vermells, el past\u00eds tatin de poma &#8230;<\/p>\n<p>Tamb\u00e9 tenen l&#8217;opci\u00f3 d&#8217;elegir els mig dies entre setmana el nostre men\u00fa tradicional compost de primer i segon plat, postres, pa i beguda<\/p>\n<p>Els oferim tamb\u00e9 una \u00e0mplia carta de plats combinats, plats calents, embotits de la Cerdanya i amanides.<\/p>\n<p>Els convidem a con\u00e8ixer el nostre restaurant i a triar l&#8217;opci\u00f3 que m\u00e9s s&#8217;adeq\u00fci a les seves necessitats.<\/p>\n<p>Recordar-los que a la cafeteria tamb\u00e9 podran prendre entrepans, freds i calents, fustes d&#8217;embotits, formatges i plats calents. A m\u00e9s d&#8217;un ampli assortiment de pastes i brioixeria.<\/p>\n<p style=\"text-align: left;\"><a href=\"https:\/\/www.hotelenlacerdanya.com\/wp-content\/uploads\/2017\/03\/La-muga-comida-6.jpg\"><img loading=\"lazy\" decoding=\"async\" class=\" wp-image-1652 aligncenter\" src=\"https:\/\/www.hotelenlacerdanya.com\/wp-content\/uploads\/2017\/02\/Comida-La-Muga1.jpg\" alt=\"\" width=\"482\" height=\"272\" \/><\/a><\/p>\n[\/vc_column_text][vc_gallery type=&#8221;flexslider_slide&#8221; interval=&#8221;3&#8243; images=&#8221;1839,2419,1949,1956,1954,1848&#8243; img_size=&#8221;460&#215;345&#8243; onclick=&#8221;&#8221;][\/vc_column][vc_column width=&#8221;1\/2&#8243;][vc_column_text css_animation=&#8221;right-to-left&#8221;]\n<h3 class=\"restaurante\">Cafeteria<\/h3>\n<p style=\"text-align: center;\"><a href=\"https:\/\/www.hotelenlacerdanya.com\/wp-content\/uploads\/2017\/01\/CafeteriaFondaMatia.jpg\"><img loading=\"lazy\" decoding=\"async\" class=\"wp-image-1758 aligncenter\" src=\"https:\/\/www.hotelenlacerdanya.com\/wp-content\/uploads\/2017\/01\/CafeteriaFondaMatia.jpg\" alt=\"CafeteriaFondaMatia\" width=\"484\" height=\"272\" srcset=\"https:\/\/www.hotelenlacerdanya.com\/wp-content\/uploads\/2017\/01\/CafeteriaFondaMatia.jpg 800w, https:\/\/www.hotelenlacerdanya.com\/wp-content\/uploads\/2017\/01\/CafeteriaFondaMatia-300x168.jpg 300w, https:\/\/www.hotelenlacerdanya.com\/wp-content\/uploads\/2017\/01\/CafeteriaFondaMatia-100x56.jpg 100w\" sizes=\"auto, (max-width: 484px) 100vw, 484px\" \/><\/a><\/p>\n<p style=\"text-align: justify;\">A l&#8217;edifici La Muga disposaran dels serveis de cafeteria i bar, on trobaran un ampli assortiment de begudes, refrescs, aperitius, sucs, tes i caf\u00e8s.<\/p>\n<p style=\"text-align: justify;\"><img loading=\"lazy\" decoding=\"async\" class=\" wp-image-1758 aligncenter\" src=\"https:\/\/www.hotelenlacerdanya.com\/wp-content\/uploads\/2017\/02\/Cafeteria-3.jpg\" alt=\"cafeteria-fondamatia-02\" width=\"484\" height=\"272\" \/><br \/>\nLa Cafeteria, molt assolellada, \u00e9s un lloc magn\u00edfic per esmorzar o prendre qualsevol tipus de menjar lleuger, ja que tenim una variada carta d&#8217;entrepans freds i calents, esmorzar de forquilla, fusta d&#8217;embotits de la Cerdanya i plats combinats.<\/p>\n[\/vc_column_text][vc_gallery interval=&#8221;5&#8243; images=&#8221;1859,1760,1860,1861&#8243; img_size=&#8221;460&#215;259&#8243;][vc_column_text css_animation=&#8221;right-to-left&#8221;]\n<h3 class=\"restaurante\">La Terrassa<\/h3>\n<p style=\"text-align: center;\"><img loading=\"lazy\" decoding=\"async\" class=\" wp-image-674 aligncenter\" src=\"https:\/\/www.hotelenlacerdanya.com\/wp-content\/uploads\/2014\/02\/terraza-restaurante-fondamatia-20.jpg\" alt=\"terraza-restaurante-fondamatia-20\" width=\"460\" height=\"259\" \/><\/p>\n<p style=\"text-align: justify;\">La terrassa, molt assolellada durant tot l&#8217;any, es converteix en el lloc ideal on prendre un aperitiu abans d&#8217;un bon \u00e0pat o tamb\u00e9 un lloc on gaudir d&#8217;una cigarreta despr\u00e9s de dinar contemplant les espectaculars vistes de la vall de la Cerdanya.<\/p>\n[\/vc_column_text][vc_gallery type=&#8221;flexslider_slide&#8221; interval=&#8221;5&#8243; images=&#8221;656,657,659,660,663,664,682,680,678,677,674,673,668,666&#8243; img_size=&#8221;460&#215;345&#8243;][\/vc_column][\/vc_row]\n<\/div>","protected":false},"excerpt":{"rendered":"<p>[vc_row][vc_column][vc_column_text] I am text block. Click edit button to change this text. Lorem ipsum dolor sit amet, consectetur adipiscing elit. Ut elit tellus, luctus nec ullamcorper mattis, pulvinar dapibus leo. [\/vc_column_text][\/vc_column][\/vc_row][vc_row][vc_column width=&#8221;1\/2&#8243;][vc_column_text css_animation=&#8221;left-to-right&#8221;] Restaurant La cuina del Restaurant La Muga \u00e9s una cuina tradicional, senzilla, encara que sempre cuidant els seus ingredients i la seva<\/p>\n","protected":false},"author":1,"featured_media":0,"parent":0,"menu_order":0,"comment_status":"closed","ping_status":"closed","template":"page-templates\/template-full-width.php","meta":{"footnotes":""},"class_list":["post-1495","page","type-page","status-publish","hentry"],"_links":{"self":[{"href":"https:\/\/www.hotelenlacerdanya.com\/ca\/wp-json\/wp\/v2\/pages\/1495","targetHints":{"allow":["GET"]}}],"collection":[{"href":"https:\/\/www.hotelenlacerdanya.com\/ca\/wp-json\/wp\/v2\/pages"}],"about":[{"href":"https:\/\/www.hotelenlacerdanya.com\/ca\/wp-json\/wp\/v2\/types\/page"}],"author":[{"embeddable":true,"href":"https:\/\/www.hotelenlacerdanya.com\/ca\/wp-json\/wp\/v2\/users\/1"}],"replies":[{"embeddable":true,"href":"https:\/\/www.hotelenlacerdanya.com\/ca\/wp-json\/wp\/v2\/comments?post=1495"}],"version-history":[{"count":51,"href":"https:\/\/www.hotelenlacerdanya.com\/ca\/wp-json\/wp\/v2\/pages\/1495\/revisions"}],"predecessor-version":[{"id":5467,"href":"https:\/\/www.hotelenlacerdanya.com\/ca\/wp-json\/wp\/v2\/pages\/1495\/revisions\/5467"}],"wp:attachment":[{"href":"https:\/\/www.hotelenlacerdanya.com\/ca\/wp-json\/wp\/v2\/media?parent=1495"}],"curies":[{"name":"wp","href":"https:\/\/api.w.org\/{rel}","templated":true}]}}