{"id":1482,"date":"2014-02-27T08:51:00","date_gmt":"2014-02-27T08:51:00","guid":{"rendered":"https:\/\/www.hotelenlacerdanya.com\/zonas-comunes-2\/"},"modified":"2019-03-27T10:44:01","modified_gmt":"2019-03-27T10:44:01","slug":"zonas-comunes","status":"publish","type":"page","link":"https:\/\/www.hotelenlacerdanya.com\/ca\/zonas-comunes\/","title":{"rendered":"Zones Comuns"},"content":{"rendered":"<div class=\"wpb-content-wrapper\">[vc_row][vc_column width=&#8221;1\/2&#8243;][vc_column_text css_animation=&#8221;left-to-right&#8221;]\n<h3 class=\"zonascomunes\">Hall<\/h3>\n<p style=\"text-align: center;\"><a href=\"https:\/\/www.hotelenlacerdanya.com\/wp-content\/uploads\/2019\/03\/DSCF3844-221x300-1.jpg\"><img loading=\"lazy\" decoding=\"async\" class=\"alignnone wp-image-5220 size-full\" src=\"https:\/\/www.hotelenlacerdanya.com\/wp-content\/uploads\/2019\/03\/DSCF3844-221x300-1.jpg\" alt=\"\" width=\"221\" height=\"300\" srcset=\"https:\/\/www.hotelenlacerdanya.com\/wp-content\/uploads\/2019\/03\/DSCF3844-221x300-1.jpg 221w, https:\/\/www.hotelenlacerdanya.com\/wp-content\/uploads\/2019\/03\/DSCF3844-221x300-1-74x100.jpg 74w\" sizes=\"auto, (max-width: 221px) 100vw, 221px\" \/><\/a><\/p>\n<p>La Fonda Matia, amb un bagatge de quatre generacions, segueix desitjant oferir als seus hostes la tranquil\u00b7litat, comoditat i independ\u00e8ncia que busquen, en un ambient amable i relaxant.<\/p>\n<p>Els donem la benvinguda a un nou concepte de Fonda totalment renovat, que barreja la tradici\u00f3 i el tracte familiar amb l&#8217;avantguarda de les \u00faltimes tend\u00e8ncies en un espai modern on relaxar-se al costat de la xemeneia o gaudir del nostre paisatge.[\/vc_column_text][vc_gallery type=&#8221;flexslider_slide&#8221; interval=&#8221;5&#8243; images=&#8221;5139,5143,5147,5151,5155,5159,5163&#8243; img_size=&#8221;460&#215;345&#8243;][\/vc_column][vc_column width=&#8221;1\/2&#8243;][vc_column_text css_animation=&#8221;right-to-left&#8221;]\n<h3 class=\"zonascomunes\">Zona blanca de lectura<\/h3>\n<p style=\"text-align: center;\"><img loading=\"lazy\" decoding=\"async\" class=\"wp-image-575 aligncenter\" src=\"https:\/\/www.hotelenlacerdanya.com\/wp-content\/uploads\/2014\/02\/zona-lectura-fondamatia-010.jpg\" alt=\"zona-lectura-fondamatia-010\" width=\"460\" height=\"345\" srcset=\"https:\/\/www.hotelenlacerdanya.com\/wp-content\/uploads\/2014\/02\/zona-lectura-fondamatia-010.jpg 800w, https:\/\/www.hotelenlacerdanya.com\/wp-content\/uploads\/2014\/02\/zona-lectura-fondamatia-010-300x225.jpg 300w, https:\/\/www.hotelenlacerdanya.com\/wp-content\/uploads\/2014\/02\/zona-lectura-fondamatia-010-100x75.jpg 100w\" sizes=\"auto, (max-width: 460px) 100vw, 460px\" \/><\/p>\n<p style=\"text-align: justify;\">Un altre de la estances comunes de Fonda Mat\u00eda est\u00e0 especialment dedicada als amants de la lectura. La nostra zona blanca de lectura est\u00e0 pensada per a aquelles persones que busquen un lloc recollit on gaudir d&#8217;un bon llibre en un ambient relaxat i ple de llum natural.<\/p>\n[\/vc_column_text][vc_gallery type=&#8221;flexslider_slide&#8221; interval=&#8221;5&#8243; images=&#8221;576,567,569,568,571,572,573,574,579,580,581,583,585,586&#8243; img_size=&#8221;460&#215;345&#8243;][\/vc_column][\/vc_row][vc_row][vc_column][vc_separator][\/vc_column][\/vc_row][vc_row][vc_column width=&#8221;1\/2&#8243;][vc_column_text css_animation=&#8221;left-to-right&#8221;]\n<h3 class=\"zonascomunes\">Sala d&#8217;estar<\/h3>\n<p style=\"text-align: center;\"><img loading=\"lazy\" decoding=\"async\" class=\"wp-image-561 aligncenter\" src=\"https:\/\/www.hotelenlacerdanya.com\/wp-content\/uploads\/2014\/05\/sala-de-estar-fondamatia-020.jpg\" alt=\"sala-de-estar-fondamatia-020\" width=\"460\" height=\"345\" srcset=\"https:\/\/www.hotelenlacerdanya.com\/wp-content\/uploads\/2014\/05\/sala-de-estar-fondamatia-020.jpg 800w, https:\/\/www.hotelenlacerdanya.com\/wp-content\/uploads\/2014\/05\/sala-de-estar-fondamatia-020-300x225.jpg 300w, https:\/\/www.hotelenlacerdanya.com\/wp-content\/uploads\/2014\/05\/sala-de-estar-fondamatia-020-100x75.jpg 100w\" sizes=\"auto, (max-width: 460px) 100vw, 460px\" \/><\/p>\n<p>La sala d&#8217;estar est\u00e0 dividida en tres espais diferenciats, adaptant-se a les necessitats dels nostres clients en cada moment.<\/p>\n<p>El primer espai format per cadires i taules on reunir-se i passar una estona distesa amb amics, xerrant o fins i tot jugant alguna partida d&#8217;algun dels molts jocs de taula dels que tenim a la seva disposici\u00f3.<\/p>\n<p>Tamb\u00e9 poden decidir descansar en els nostres butaques i gaudir d&#8217;una bona pel\u00b7l\u00edcula a la sala de televisi\u00f3. O simplement contemplar l&#8217;espl\u00e8ndid paisatge que des d&#8217;aqu\u00ed ens brinda la vall de la Cerdanya.<\/p>\n<p>Finalment poden relaxar a la zona blanca de biblioteca, en aquest confortable espai poden evadir-llegint un bon llibre, escoltar m\u00fasica o fins i tot connectar-te al m\u00f3n a trav\u00e9s de la xarxa wifi que els oferim de forma gratu\u00efta.[\/vc_column_text][vc_gallery type=&#8221;flexslider_slide&#8221; interval=&#8221;5&#8243; images=&#8221;553,558,551,555,556,550,552,543&#8243; img_size=&#8221;460&#215;345&#8243;][\/vc_column][vc_column width=&#8221;1\/2&#8243;][vc_column_text css_animation=&#8221;right-to-left&#8221;]\n<h3 class=\"zonascomunes\" style=\"text-align: justify;\">Rinc\u00f3n Ximenea<\/h3>\n<p><a href=\"https:\/\/www.hotelenlacerdanya.com\/wp-content\/uploads\/2019\/03\/DSCF3836-Editar-300x200-1.jpg\"><img loading=\"lazy\" decoding=\"async\" class=\"alignnone wp-image-5216 size-full\" src=\"https:\/\/www.hotelenlacerdanya.com\/wp-content\/uploads\/2019\/03\/DSCF3836-Editar-300x200-1.jpg\" alt=\"\" width=\"300\" height=\"200\" srcset=\"https:\/\/www.hotelenlacerdanya.com\/wp-content\/uploads\/2019\/03\/DSCF3836-Editar-300x200-1.jpg 300w, https:\/\/www.hotelenlacerdanya.com\/wp-content\/uploads\/2019\/03\/DSCF3836-Editar-300x200-1-100x67.jpg 100w\" sizes=\"auto, (max-width: 300px) 100vw, 300px\" \/><\/a><\/p>\n<p style=\"text-align: justify;\">Un dels racons m\u00e9s acollidors de la fonda, el Rac\u00f3 llar de foc \u00e9s una petita saleta on \u00e9s possible seure a llegir o a fullejar una revista, a xerrar assossegadament o simplement a descansar a la calor d&#8217;una de la nostra xemeneies.<\/p>\n[\/vc_column_text][vc_gallery type=&#8221;flexslider_slide&#8221; interval=&#8221;5&#8243; images=&#8221;5183,5179,5175,5171&#8243; img_size=&#8221;460&#215;345&#8243;][\/vc_column][\/vc_row]\n<\/div>","protected":false},"excerpt":{"rendered":"<p>[vc_row][vc_column width=&#8221;1\/2&#8243;][vc_column_text css_animation=&#8221;left-to-right&#8221;] Hall La Fonda Matia, amb un bagatge de quatre generacions, segueix desitjant oferir als seus hostes la tranquil\u00b7litat, comoditat i independ\u00e8ncia que busquen, en un ambient amable i relaxant. Els donem la benvinguda a un nou concepte de Fonda totalment renovat, que barreja la tradici\u00f3 i el tracte familiar amb l&#8217;avantguarda de<\/p>\n","protected":false},"author":1,"featured_media":0,"parent":0,"menu_order":0,"comment_status":"closed","ping_status":"closed","template":"page-templates\/template-full-width.php","meta":{"footnotes":""},"class_list":["post-1482","page","type-page","status-publish","hentry"],"_links":{"self":[{"href":"https:\/\/www.hotelenlacerdanya.com\/ca\/wp-json\/wp\/v2\/pages\/1482","targetHints":{"allow":["GET"]}}],"collection":[{"href":"https:\/\/www.hotelenlacerdanya.com\/ca\/wp-json\/wp\/v2\/pages"}],"about":[{"href":"https:\/\/www.hotelenlacerdanya.com\/ca\/wp-json\/wp\/v2\/types\/page"}],"author":[{"embeddable":true,"href":"https:\/\/www.hotelenlacerdanya.com\/ca\/wp-json\/wp\/v2\/users\/1"}],"replies":[{"embeddable":true,"href":"https:\/\/www.hotelenlacerdanya.com\/ca\/wp-json\/wp\/v2\/comments?post=1482"}],"version-history":[{"count":9,"href":"https:\/\/www.hotelenlacerdanya.com\/ca\/wp-json\/wp\/v2\/pages\/1482\/revisions"}],"predecessor-version":[{"id":5224,"href":"https:\/\/www.hotelenlacerdanya.com\/ca\/wp-json\/wp\/v2\/pages\/1482\/revisions\/5224"}],"wp:attachment":[{"href":"https:\/\/www.hotelenlacerdanya.com\/ca\/wp-json\/wp\/v2\/media?parent=1482"}],"curies":[{"name":"wp","href":"https:\/\/api.w.org\/{rel}","templated":true}]}}